{"id":6525,"date":"2025-07-29T15:12:14","date_gmt":"2025-07-29T19:12:14","guid":{"rendered":"https:\/\/amundsenscience.com\/privacy-policy\/"},"modified":"2025-07-29T16:14:46","modified_gmt":"2025-07-29T20:14:46","slug":"politique-de-confidentialite","status":"publish","type":"page","link":"https:\/\/amundsenscience.com\/fr\/politique-de-confidentialite\/","title":{"rendered":"Politique de confidentialit\u00e9"},"content":{"rendered":"<section class=\"inline-pad block-pad\">\r\n\r\n    <div class=\"wysiwyg-layout\">\r\n\r\n        <div class=\"content\">\r\n\r\n                            \r\n                    \r\n                        \r\n                        <div class=\"text-area wysiwyg\">\r\n                            <h1><\/h1>\n<h1><span style=\"font-weight: 400;\">Politique de confidentialit\u00e9<\/span><\/h1>\n<p><span style=\"font-weight: 400;\">Nom de l&rsquo;entreprise : Amundsen Science<\/span><span style=\"font-weight: 400;\"><br \/>\n<\/span><span style=\"font-weight: 400;\">URL du site web : https:\/\/amundsenscience.com<\/span><span style=\"font-weight: 400;\"><br \/>\n<\/span><span style=\"font-weight: 400;\">Type de site : Site web informatif<\/span><\/p>\n<h2><span style=\"font-weight: 400;\">Le but de cette politique de confidentialit\u00e9<\/span><\/h2>\n<p><span style=\"font-weight: 400;\">Le but de cette politique de confidentialit\u00e9 est d&rsquo;informer les utilisateurs de notre site des donn\u00e9es personnelles que nous recueillerons ainsi que les informations suivantes, le cas \u00e9ch\u00e9ant :<\/span><\/p>\n<ol>\n<li style=\"font-weight: 400;\" aria-level=\"1\"><span style=\"font-weight: 400;\">Les donn\u00e9es personnelles que nous recueillerons<\/span><\/li>\n<li style=\"font-weight: 400;\" aria-level=\"1\"><span style=\"font-weight: 400;\">L\u2019utilisation des donn\u00e9es recueillies<\/span><\/li>\n<li style=\"font-weight: 400;\" aria-level=\"1\"><span style=\"font-weight: 400;\">Qui a acc\u00e8s aux donn\u00e9es recueillies<\/span><\/li>\n<li style=\"font-weight: 400;\" aria-level=\"1\"><span style=\"font-weight: 400;\">Les droits des utilisateurs du site<\/span><\/li>\n<li style=\"font-weight: 400;\" aria-level=\"1\"><span style=\"font-weight: 400;\">La politique de cookies du site<\/span><\/li>\n<\/ol>\n<p><span style=\"font-weight: 400;\">Cette politique de confidentialit\u00e9 fonctionne parall\u00e8lement aux conditions g\u00e9n\u00e9rales d\u2019utilisation de notre site.<\/span><\/p>\n<h2><span style=\"font-weight: 400;\">Lois applicables<\/span><\/h2>\n<p><span style=\"font-weight: 400;\">Cette politique est conforme aux lois \u00e9nonc\u00e9es dans la loi sur la protection des renseignements personnels et les documents \u00e9lectroniques (LPRPDE).<\/span><\/p>\n<p><span style=\"font-weight: 400;\">Pour les r\u00e9sidents du Qu\u00e9bec, cette politique de confidentialit\u00e9 vise \u00e0 se conformer \u00e0 la Loi modernisant des dispositions l\u00e9gislatives en mati\u00e8re de protection des renseignements personnels dans le secteur priv\u00e9 (Loi 25). S\u2019il y a des incoh\u00e9rences entre ce document et la Loi 25, la l\u00e9gislation de l\u2019\u00c9tat s\u2019appliquera. Si nous constatons des incoh\u00e9rences, nous modifierons notre politique pour nous conformer \u00e0 la loi pertinente.<\/span><\/p>\n<p><span style=\"font-weight: 400;\">Pour les r\u00e9sidents des pays de l\u2019UE, le R\u00e8glement g\u00e9n\u00e9ral sur la protection des donn\u00e9es (RGDP) r\u00e9git toutes les politiques de protection des donn\u00e9es, quel que soit l\u2019endroit o\u00f9 se trouve le site. La pr\u00e9sente politique de confidentialit\u00e9 vise \u00e0 se conformer au RGDP. S\u2019il y a des incoh\u00e9rences entre la pr\u00e9sente politique et le RGDP, le RGDP s\u2019appliquera.<\/span><\/p>\n<p><span style=\"font-weight: 400;\">Pour les r\u00e9sidents de l\u2019\u00c9tat de Californie, cette politique de confidentialit\u00e9 vise \u00e0 se conformer \u00e0 la California Consumer Privacy Act (CCPA). S\u2019il y a des incoh\u00e9rences entre ce document et la CCPA, la l\u00e9gislation de l\u2019\u00c9tat s\u2019appliquera. Si nous constatons des incoh\u00e9rences, nous modifierons notre politique pour nous conformer \u00e0 la loi pertinente.<\/span><\/p>\n<h2><span style=\"font-weight: 400;\">Consentement<\/span><\/h2>\n<p><span style=\"font-weight: 400;\">Les utilisateurs conviennent qu\u2019en utilisant notre site, ils consentent \u00e0 :<\/span><\/p>\n<ol>\n<li style=\"font-weight: 400;\" aria-level=\"1\"><span style=\"font-weight: 400;\">les conditions \u00e9nonc\u00e9es dans la pr\u00e9sente politique de confidentialit\u00e9 et<\/span><\/li>\n<li style=\"font-weight: 400;\" aria-level=\"1\"><span style=\"font-weight: 400;\">la collecte, l\u2019utilisation et la conservation des donn\u00e9es \u00e9num\u00e9r\u00e9es dans la pr\u00e9sente politique.<\/span><\/li>\n<\/ol>\n<h2><span style=\"font-weight: 400;\">Donn\u00e9es personnelles que nous collectons<\/span><\/h2>\n<h3><span style=\"font-weight: 400;\">Donn\u00e9es collect\u00e9es automatiquement<\/span><\/h3>\n<p><span style=\"font-weight: 400;\">Lorsque vous visitez et utilisez notre site, nous pouvons automatiquement recueillir et conserver les renseignements suivants :<\/span><\/p>\n<ol>\n<li style=\"font-weight: 400;\" aria-level=\"1\"><span style=\"font-weight: 400;\">Adresse IP<\/span><\/li>\n<li style=\"font-weight: 400;\" aria-level=\"1\"><span style=\"font-weight: 400;\">Lieu<\/span><\/li>\n<li style=\"font-weight: 400;\" aria-level=\"1\"><span style=\"font-weight: 400;\">D\u00e9tails mat\u00e9riels et logiciels<\/span><\/li>\n<li style=\"font-weight: 400;\" aria-level=\"1\"><span style=\"font-weight: 400;\">Liens sur lesquels un utilisateur clique tout en utilisant le site<\/span><\/li>\n<li style=\"font-weight: 400;\" aria-level=\"1\"><span style=\"font-weight: 400;\">Contenu que l\u2019utilisateur consulte sur votre site<\/span><\/li>\n<\/ol>\n<p><span style=\"font-weight: 400;\">Veuillez noter que nous ne collectons que les donn\u00e9es qui nous aident \u00e0 atteindre l\u2019objectif \u00e9nonc\u00e9 dans cette politique de confidentialit\u00e9. Nous ne recueillerons pas de donn\u00e9es suppl\u00e9mentaires sans vous en informer au pr\u00e9alable.<\/span><\/p>\n<h2><span style=\"font-weight: 400;\">Comment nous utilisons les donn\u00e9es personnelles<\/span><\/h2>\n<p><span style=\"font-weight: 400;\">Les donn\u00e9es personnelles recueillies sur notre site seront utilis\u00e9es uniquement aux fins pr\u00e9cis\u00e9es dans la pr\u00e9sente politique ou indiqu\u00e9es sur les pages pertinentes de notre site. Nous n\u2019utiliserons pas vos donn\u00e9es au-del\u00e0 de ce que nous divulguerons.<\/span><\/p>\n<p><span style=\"font-weight: 400;\">Les donn\u00e9es que nous recueillons automatiquement sont utilis\u00e9es aux fins suivantes :<\/span><\/p>\n<ol>\n<li style=\"font-weight: 400;\" aria-level=\"1\"><span style=\"font-weight: 400;\">Analytique<\/span><\/li>\n<li style=\"font-weight: 400;\" aria-level=\"1\"><span style=\"font-weight: 400;\">Performance<\/span><\/li>\n<li style=\"font-weight: 400;\" aria-level=\"1\"><span style=\"font-weight: 400;\">Fonctionnelle<\/span><\/li>\n<li style=\"font-weight: 400;\" aria-level=\"1\"><span style=\"font-weight: 400;\">Publicit\u00e9<\/span><\/li>\n<\/ol>\n<p><span style=\"font-weight: 400;\">Les donn\u00e9es que nous recueillons lorsque l\u2019utilisateur ex\u00e9cute certaines fonctions peuvent \u00eatre utilis\u00e9es aux fins suivantes :<\/span><\/p>\n<p><span style=\"font-weight: 400;\">Fins auxquelles les donn\u00e9es peuvent \u00eatre utilis\u00e9es<\/span><\/p>\n<ol>\n<li style=\"font-weight: 400;\" aria-level=\"1\"><span style=\"font-weight: 400;\">Communication<\/span><\/li>\n<\/ol>\n<h2><span style=\"font-weight: 400;\">Avec qui nous partageons les donn\u00e9es personnelles<\/span><\/h2>\n<h3><span style=\"font-weight: 400;\">Employ\u00e9s<\/span><\/h3>\n<p><span style=\"font-weight: 400;\">Nous pouvons divulguer \u00e0 tout membre de notre organisation les donn\u00e9es utilisateur dont il a raisonnablement besoin pour r\u00e9aliser les objectifs \u00e9nonc\u00e9s dans la pr\u00e9sente politique.<\/span><\/p>\n<h3><span style=\"font-weight: 400;\">Tierces parties<\/span><\/h3>\n<p><span style=\"font-weight: 400;\">Nous pouvons partager les donn\u00e9es utilisateur avec les tiers suivants :<\/span><\/p>\n<ul>\n<li style=\"font-weight: 400;\" aria-level=\"1\"><span style=\"font-weight: 400;\">Notre agence web : <\/span><a href=\"https:\/\/treize.pro\/\"><span style=\"font-weight: 400;\">Agence web TREIZE<\/span><\/a><\/li>\n<\/ul>\n<p><span style=\"font-weight: 400;\">Nous pouvons partager les donn\u00e9es utilisateur avec des tiers aux fins suivantes\u00a0<\/span><\/p>\n<ul>\n<li style=\"font-weight: 400;\" aria-level=\"1\"><span style=\"font-weight: 400;\">Consultation des tendances des visiteurs<\/span><\/li>\n<\/ul>\n<p><span style=\"font-weight: 400;\">Les tiers ne seront pas en mesure d\u2019acc\u00e9der aux donn\u00e9es des utilisateurs au-del\u00e0 de ce qui est raisonnablement n\u00e9cessaire pour atteindre l\u2019objectif donn\u00e9.<\/span><\/p>\n<h3><span style=\"font-weight: 400;\">Autres divulgations<\/span><\/h3>\n<p><span style=\"font-weight: 400;\">Nous nous engageons \u00e0 ne pas vendre ou partager vos donn\u00e9es avec des tiers, sauf dans les cas suivants :<\/span><\/p>\n<ol>\n<li style=\"font-weight: 400;\" aria-level=\"1\"><span style=\"font-weight: 400;\">si la loi l&rsquo;exige<\/span><\/li>\n<li style=\"font-weight: 400;\" aria-level=\"1\"><span style=\"font-weight: 400;\">si elle est requise pour toute proc\u00e9dure judiciaire<\/span><\/li>\n<li style=\"font-weight: 400;\" aria-level=\"1\"><span style=\"font-weight: 400;\">pour prouver ou prot\u00e9ger nos droits l\u00e9gaux<\/span><\/li>\n<li style=\"font-weight: 400;\" aria-level=\"1\"><span style=\"font-weight: 400;\">\u00e0 des acheteurs ou des acheteurs potentiels de cette soci\u00e9t\u00e9 dans le cas o\u00f9 nous cherchons \u00e0 la vendre la soci\u00e9t\u00e9<\/span><\/li>\n<\/ol>\n<p><span style=\"font-weight: 400;\">Si vous suivez des hyperliens de notre site vers un autre site, veuillez noter que nous ne sommes pas responsables et n\u2019avons pas de contr\u00f4le sur leurs politiques et pratiques de confidentialit\u00e9.<\/span><\/p>\n<h2><span style=\"font-weight: 400;\">Combien de temps nous stockons les donn\u00e9es personnelles<\/span><\/h2>\n<p><span style=\"font-weight: 400;\">Nous ne conservons pas les donn\u00e9es des utilisateurs au-del\u00e0 de ce qui est n\u00e9cessaire pour atteindre les fins pour lesquelles elles sont recueillies.<\/span><\/p>\n<h2><span style=\"font-weight: 400;\">Comment nous prot\u00e9geons vos donn\u00e9es personnelles<\/span><\/h2>\n<p><span style=\"font-weight: 400;\">Afin d\u2019assurer la protection de votre s\u00e9curit\u00e9, toutes les donn\u00e9es stock\u00e9es dans notre syst\u00e8me sont bien s\u00e9curis\u00e9es et ne sont accessibles qu\u2019\u00e0 nos employ\u00e9s. Nos employ\u00e9s sont li\u00e9s par des accords de confidentialit\u00e9 stricts et une violation de cet accord entra\u00eenerait le licenciement de l&#8217;employ\u00e9.<\/span><\/p>\n<p><span style=\"font-weight: 400;\">Alors que nous prenons toutes les pr\u00e9cautions raisonnables pour nous assurer que nos donn\u00e9es d\u2019utilisateur sont s\u00e9curis\u00e9es et que les utilisateurs sont prot\u00e9g\u00e9s, il reste toujours du risque de pr\u00e9judice. L\u2019Internet en sa totalit\u00e9 peut \u00eatre, parfois, peu s\u00fbr et donc nous sommes incapables de garantir la s\u00e9curit\u00e9 des donn\u00e9es des utilisateurs au-del\u00e0 de ce qui est raisonnablement pratique.<\/span><\/p>\n<h2><span style=\"font-weight: 400;\">Mineurs<\/span><\/h2>\n<p><span style=\"font-weight: 400;\">Pour les r\u00e9sidents de l\u2019UE, le RGPD pr\u00e9cise que les personnes de moins de 15 ans sont consid\u00e9r\u00e9es comme des mineurs aux fins de la collecte de donn\u00e9es. Les mineurs doivent avoir le consentement d\u2019un repr\u00e9sentant l\u00e9gal pour que leurs donn\u00e9es soient recueillies, trait\u00e9es et utilis\u00e9es.<\/span><\/p>\n<h2><span style=\"font-weight: 400;\">Vos droits en tant qu\u2019utilisateur<\/span><\/h2>\n<p><span style=\"font-weight: 400;\">En tant qu\u2019utilisateur, vous avez le droit d\u2019acc\u00e9der \u00e0 toutes vos donn\u00e9es personnelles que nous avons collect\u00e9es. En outre, vous avez le droit de mettre \u00e0 jour ou de corriger toute donn\u00e9e personnelle en notre possession \u00e0 condition qu\u2019elle soit acceptable en vertu de la loi.<\/span><\/p>\n<p><span style=\"font-weight: 400;\">Vous pouvez choisir de supprimer ou de modifier votre consentement \u00e0 la collecte et \u00e0 l\u2019utilisation des donn\u00e9es en tout temps, pourvu qu\u2019il soit l\u00e9galement acceptable de le faire et que vous nous en ayez inform\u00e9 dans un d\u00e9lai raisonnable.<\/span><\/p>\n<h2><span style=\"font-weight: 400;\">Comment modifier, supprimer ou contester les donn\u00e9es recueillies<\/span><\/h2>\n<p><span style=\"font-weight: 400;\">Si vous souhaitez que vos renseignements soient supprim\u00e9s ou modifi\u00e9s d\u2019une fa\u00e7on ou d\u2019une autre, veuillez communiquer avec notre agent de protection de la vie priv\u00e9e ici :<\/span><\/p>\n<p><span style=\"font-weight: 400;\">V\u00e9ronique Rochefort<\/span><span style=\"font-weight: 400;\"><br \/>\n<\/span><span style=\"font-weight: 400;\">veronique.rochefort@as.ulaval.ca<\/span><span style=\"font-weight: 400;\"><br \/>\n<\/span><span style=\"font-weight: 400;\">418 656-2340<\/span><\/p>\n<h2><span style=\"font-weight: 400;\">Politique sur les cookies<\/span><\/h2>\n<p><span style=\"font-weight: 400;\">Un cookie est un petit fichier, stock\u00e9 sur le disque dur d\u2019un utilisateur par le site Web. Son but est de recueillir des donn\u00e9es relatives aux habitudes de navigation de l\u2019utilisateur.<\/span><\/p>\n<p><span style=\"font-weight: 400;\">Nous utilisons les types de cookies suivants sur notre site :<\/span><\/p>\n<ol>\n<li style=\"font-weight: 400;\" aria-level=\"1\"><span style=\"font-weight: 400;\">Cookies fonctionnels : Les cookies fonctionnels permettent d&rsquo;ex\u00e9cuter certaines fonctionnalit\u00e9s telles que le partage du contenu du site Web sur des plateformes de m\u00e9dias sociaux, la collecte de commentaires et d&rsquo;autres fonctionnalit\u00e9s tierces.<\/span><\/li>\n<li style=\"font-weight: 400;\" aria-level=\"1\"><span style=\"font-weight: 400;\">Cookies publicitaires : Les cookies de publicit\u00e9 sont utilis\u00e9s pour fournir aux visiteurs des publicit\u00e9s personnalis\u00e9es bas\u00e9es sur les pages visit\u00e9es pr\u00e9c\u00e9demment et analyser l&rsquo;efficacit\u00e9 de la campagne publicitaire.<\/span><\/li>\n<li style=\"font-weight: 400;\" aria-level=\"1\"><span style=\"font-weight: 400;\">Cookies analytiques : Les cookies analytiques sont utilis\u00e9s pour comprendre comment les visiteurs interagissent avec le site Web. Ces cookies aident \u00e0 fournir des informations sur le nombre de visiteurs, le taux de rebond, la source de trafic, etc.<\/span><\/li>\n<li style=\"font-weight: 400;\" aria-level=\"1\"><span style=\"font-weight: 400;\">Cookie performance : Les cookies de performance sont utilis\u00e9s pour comprendre et analyser les indices de performance cl\u00e9s du site Web, ce qui permet de fournir une meilleure exp\u00e9rience utilisateur aux visiteurs.<\/span><\/li>\n<\/ol>\n<p><span style=\"font-weight: 400;\">Vous pouvez choisir de d\u00e9sactiver les cookies enti\u00e8rement ou partiellement, mais cela peut diminuer la qualit\u00e9 de votre exp\u00e9rience d\u2019utilisation.<\/span><\/p>\n<h2><span style=\"font-weight: 400;\">Modifications<\/span><\/h2>\n<p><span style=\"font-weight: 400;\">Cette politique de confidentialit\u00e9 peut \u00eatre modifi\u00e9e \u00e0 l\u2019occasion afin de maintenir la conformit\u00e9 avec la loi et de tenir compte de tout changement \u00e0 notre processus de collecte de donn\u00e9es. Nous recommandons \u00e0 nos utilisateurs de v\u00e9rifier notre politique de temps \u00e0 autre pour s\u2019assurer qu\u2019ils soient inform\u00e9s de toute mise \u00e0 jour. Au besoin, nous pouvons informer les utilisateurs par courriel des changements apport\u00e9s \u00e0 cette politique.<\/span><\/p>\n<h2><span style=\"font-weight: 400;\">Contact<\/span><\/h2>\n<p><span style=\"font-weight: 400;\">Si vous avez des questions \u00e0 nous poser, n\u2019h\u00e9sitez pas \u00e0 communiquer avec nous en utilisant ce qui suit :<\/span><\/p>\n<p><span style=\"font-weight: 400;\">+1 418 656-2340<\/span><span style=\"font-weight: 400;\"><br \/>\n<\/span><span style=\"font-weight: 400;\">info@as.ulaval.ca<\/span><span style=\"font-weight: 400;\"><br \/>\n<\/span><span style=\"font-weight: 400;\">1045, avenue de la M\u00e9decine,\u2028Pavillon Alexandre Vachon, Local 3432, Universit\u00e9 Laval Qu\u00e9bec (QC)<\/span><\/p>\n<p><span style=\"font-weight: 400;\">Date d\u2019entr\u00e9e en vigueur : le 14 juillet 2025<\/span><\/p>\n                        <\/div>\r\n\r\n                    \r\n                            \r\n        <\/div>\r\n\r\n    <\/div>\r\n\r\n<\/section>","protected":false},"excerpt":{"rendered":"","protected":false},"author":2,"featured_media":6473,"parent":0,"menu_order":2,"comment_status":"closed","ping_status":"closed","template":"","meta":{"_acf_changed":false,"footnotes":""},"class_list":["post-6525","page","type-page","status-publish","has-post-thumbnail","hentry"],"acf":[],"_links":{"self":[{"href":"https:\/\/amundsenscience.com\/fr\/wp-json\/wp\/v2\/pages\/6525","targetHints":{"allow":["GET"]}}],"collection":[{"href":"https:\/\/amundsenscience.com\/fr\/wp-json\/wp\/v2\/pages"}],"about":[{"href":"https:\/\/amundsenscience.com\/fr\/wp-json\/wp\/v2\/types\/page"}],"author":[{"embeddable":true,"href":"https:\/\/amundsenscience.com\/fr\/wp-json\/wp\/v2\/users\/2"}],"replies":[{"embeddable":true,"href":"https:\/\/amundsenscience.com\/fr\/wp-json\/wp\/v2\/comments?post=6525"}],"version-history":[{"count":0,"href":"https:\/\/amundsenscience.com\/fr\/wp-json\/wp\/v2\/pages\/6525\/revisions"}],"wp:featuredmedia":[{"embeddable":true,"href":"https:\/\/amundsenscience.com\/fr\/wp-json\/wp\/v2\/media\/6473"}],"wp:attachment":[{"href":"https:\/\/amundsenscience.com\/fr\/wp-json\/wp\/v2\/media?parent=6525"}],"curies":[{"name":"wp","href":"https:\/\/api.w.org\/{rel}","templated":true}]}}