{"id":1752,"date":"2023-10-12T12:17:02","date_gmt":"2023-10-12T16:17:02","guid":{"rendered":"https:\/\/treize.dev\/amundse\/?page_id=1752"},"modified":"2024-04-26T12:53:15","modified_gmt":"2024-04-26T16:53:15","slug":"photo-gallery","status":"publish","type":"page","link":"https:\/\/amundsenscience.com\/fr\/photo-gallery\/","title":{"rendered":"Galerie"},"content":{"rendered":"\r\n    \r\n    <section class=\"block-hero-cover hero-cover-frame-lines\">\r\n\r\n                    <div class=\"parallax-hero-image darken cover\">\r\n                <img decoding=\"async\" class=\"lazyload\" src=\"https:\/\/amundsenscience.com\/wp-content\/uploads\/2024\/04\/Amundsen-from-the-helico-2-1920x1280.jpg\" data-src=\"https:\/\/amundsenscience.com\/wp-content\/uploads\/2024\/04\/Amundsen-from-the-helico-2-1920x1280.jpg\" alt=\"\">\r\n            <\/div>\r\n        \r\n        <div class=\"hero-intro-content inline-pad\">\r\n\r\n            <h1 class=\"headline reveal-animation text-color-white\">Galerie<\/h1>\r\n\r\n            \r\n        <\/div>\r\n\r\n    <\/section>\r\n\r\n\n\n<section class=\"inline-pad block-pad\">\r\n\r\n    <div class=\"wysiwyg-layout\">\r\n\r\n        <div class=\"content\">\r\n\r\n                            \r\n                    \r\n                        \r\n                        <div class=\"text-area wysiwyg\">\r\n                            <p>Chaque ann\u00e9e, depuis l&rsquo;inauguration du NGCC <em>Amundsen<\/em> en 2003, les scientifiques et les membres de l&rsquo;\u00e9quipage photographient les op\u00e9rations scientifiques, les paysages et les moments v\u00e9cus lors de l&rsquo;aventure <em>Amundsen<\/em>. Les photographies des derni\u00e8res ann\u00e9es d&rsquo;exp\u00e9dition sont rassembl\u00e9es dans diff\u00e9rentes bases de donn\u00e9es. Vous pouvez trouver ces photographies sur notre site web ou dans l&rsquo;une des galeries de photos de nos partenaires scientifiques de l&rsquo;exp\u00e9dition <em>Amundsen<\/em>.<\/p>\n<p>Nous disposons \u00e9galement d&rsquo;une plus grande base de donn\u00e9es de photographies que nous pouvons partager sur demande. Si vous souhaitez obtenir des photos de notre site web en haute qualit\u00e9 ou si vous avez un besoin particulier, n&rsquo;h\u00e9sitez pas \u00e0 nous contacter \u00e0 l&rsquo;adresse media@as.ulaval.ca.<\/p>\n<p>Voici deux autres galeries de photos :<\/p>\n<p><a href=\"https:\/\/www.polarphotogallery.com\/MyGalleries\/CCGS-Amundsen\" class=\"cta-main\" target=\"_blank\" rel=\"noopener\"><span><span data-name=\"Polar photography\">Polar photography<\/span><\/span><\/a><\/p>\n<p><a href=\"https:\/\/amundsenscience.photoshelter.com\/index\" class=\"cta-main\" target=\"_blank\" rel=\"noopener\"><span><span data-name=\"Photographies de Marc-Andr\u00e9 Pauz\u00e9\">Photographies de Marc-Andr\u00e9 Pauz\u00e9<\/span><\/span><\/a><\/p>\n                        <\/div>\r\n\r\n                    \r\n                \r\n                    \r\n\r\n                        \r\n                        \r\n                            <ul class=\"gallery\">\r\n                                                                    <li>\r\n                                        <a href=\"https:\/\/amundsenscience.com\/wp-content\/uploads\/2023\/12\/AForest-CASES2004_0528_151804-1920x1443.jpg\" data-fancybox=\"gallery1\" data-caption=\"Alexandre Forest, Amundsen Science\">\r\n                                            <div class=\"parallax-image\">\r\n                                                <img decoding=\"async\" class=\"lazyload\" src=\"https:\/\/amundsenscience.com\/wp-content\/uploads\/2023\/12\/AForest-CASES2004_0528_151804-150x113.jpg\" data-src=\"https:\/\/amundsenscience.com\/wp-content\/uploads\/2023\/12\/AForest-CASES2004_0528_151804-1024x769.jpg\" alt=\"\">\r\n                                            <\/div>\r\n                                        <\/a>\r\n                                        <span class=\"small-text\">Alexandre Forest, Amundsen Science<\/span>\r\n                                    <\/li>\r\n                                                                    <li>\r\n                                        <a href=\"https:\/\/amundsenscience.com\/wp-content\/uploads\/2023\/12\/2-Amundsen-1920x1278.jpg\" data-fancybox=\"gallery1\" data-caption=\"Alexandre Forest, Amundsen Science\">\r\n                                            <div class=\"parallax-image\">\r\n                                                <img decoding=\"async\" class=\"lazyload\" src=\"https:\/\/amundsenscience.com\/wp-content\/uploads\/2023\/12\/2-Amundsen-150x100.jpg\" data-src=\"https:\/\/amundsenscience.com\/wp-content\/uploads\/2023\/12\/2-Amundsen-1024x682.jpg\" alt=\"\">\r\n                                            <\/div>\r\n                                        <\/a>\r\n                                        <span class=\"small-text\">Alexandre Forest, Amundsen Science<\/span>\r\n                                    <\/li>\r\n                                                                    <li>\r\n                                        <a href=\"https:\/\/amundsenscience.com\/wp-content\/uploads\/2024\/04\/DJI_0478-1920x1439.jpg\" data-fancybox=\"gallery1\" data-caption=\"Daniel Amirault, Amundsen Science\">\r\n                                            <div class=\"parallax-image\">\r\n                                                <img decoding=\"async\" class=\"lazyload\" src=\"https:\/\/amundsenscience.com\/wp-content\/uploads\/2024\/04\/DJI_0478-150x112.jpg\" data-src=\"https:\/\/amundsenscience.com\/wp-content\/uploads\/2024\/04\/DJI_0478-1024x767.jpg\" alt=\"\">\r\n                                            <\/div>\r\n                                        <\/a>\r\n                                        <span class=\"small-text\">Daniel Amirault, Amundsen Science<\/span>\r\n                                    <\/li>\r\n                                                                    <li>\r\n                                        <a href=\"https:\/\/amundsenscience.com\/wp-content\/uploads\/2023\/12\/DJI_0550-1920x1080.jpg\" data-fancybox=\"gallery1\" data-caption=\"Daniel Amirault, Amundsen Science\">\r\n                                            <div class=\"parallax-image\">\r\n                                                <img decoding=\"async\" class=\"lazyload\" src=\"https:\/\/amundsenscience.com\/wp-content\/uploads\/2023\/12\/DJI_0550-150x84.jpg\" data-src=\"https:\/\/amundsenscience.com\/wp-content\/uploads\/2023\/12\/DJI_0550-1024x576.jpg\" alt=\"\">\r\n                                            <\/div>\r\n                                        <\/a>\r\n                                        <span class=\"small-text\">Daniel Amirault, Amundsen Science<\/span>\r\n                                    <\/li>\r\n                                                                    <li>\r\n                                        <a href=\"https:\/\/amundsenscience.com\/wp-content\/uploads\/2023\/11\/Creation-sans-titre-61-e1702054564760.png\" data-fancybox=\"gallery1\" data-caption=\"V\u00e9ronique Rochefort, Amundsen Science\">\r\n                                            <div class=\"parallax-image\">\r\n                                                <img decoding=\"async\" class=\"lazyload\" src=\"https:\/\/amundsenscience.com\/wp-content\/uploads\/2023\/11\/Creation-sans-titre-61-150x206.png\" data-src=\"https:\/\/amundsenscience.com\/wp-content\/uploads\/2023\/11\/Creation-sans-titre-61-747x1024.png\" alt=\"\">\r\n                                            <\/div>\r\n                                        <\/a>\r\n                                        <span class=\"small-text\">V\u00e9ronique Rochefort, Amundsen Science<\/span>\r\n                                    <\/li>\r\n                                                            <\/ul>\r\n\r\n                        \r\n\r\n                    \r\n                \r\n                    \r\n                        \r\n                        <div class=\"text-area wysiwyg\">\r\n                            <p><a href=\"https:\/\/amundsenscience.photoshelter.com\/index\" class=\"cta-main\" target=\"_blank\" rel=\"noopener\"><span><span data-name=\"Acc\u00e9der \u00e0 toutes les photographies\">Acc\u00e9der \u00e0 toutes les photographies<\/span><\/span><\/a><\/p>\n                        <\/div>\r\n\r\n                    \r\n                            \r\n        <\/div>\r\n\r\n    <\/div>\r\n\r\n<\/section>","protected":false},"excerpt":{"rendered":"","protected":false},"author":2,"featured_media":0,"parent":0,"menu_order":19,"comment_status":"closed","ping_status":"closed","template":"","meta":{"_acf_changed":false,"footnotes":""},"class_list":["post-1752","page","type-page","status-publish","hentry"],"acf":[],"_links":{"self":[{"href":"https:\/\/amundsenscience.com\/fr\/wp-json\/wp\/v2\/pages\/1752","targetHints":{"allow":["GET"]}}],"collection":[{"href":"https:\/\/amundsenscience.com\/fr\/wp-json\/wp\/v2\/pages"}],"about":[{"href":"https:\/\/amundsenscience.com\/fr\/wp-json\/wp\/v2\/types\/page"}],"author":[{"embeddable":true,"href":"https:\/\/amundsenscience.com\/fr\/wp-json\/wp\/v2\/users\/2"}],"replies":[{"embeddable":true,"href":"https:\/\/amundsenscience.com\/fr\/wp-json\/wp\/v2\/comments?post=1752"}],"version-history":[{"count":0,"href":"https:\/\/amundsenscience.com\/fr\/wp-json\/wp\/v2\/pages\/1752\/revisions"}],"wp:attachment":[{"href":"https:\/\/amundsenscience.com\/fr\/wp-json\/wp\/v2\/media?parent=1752"}],"curies":[{"name":"wp","href":"https:\/\/api.w.org\/{rel}","templated":true}]}}