{"id":1741,"date":"2023-10-14T21:15:48","date_gmt":"2023-10-15T01:15:48","guid":{"rendered":"https:\/\/treize.dev\/amundse\/?page_id=1741"},"modified":"2026-01-20T10:58:07","modified_gmt":"2026-01-20T15:58:07","slug":"decouvrez-expeditions","status":"publish","type":"page","link":"https:\/\/amundsenscience.com\/fr\/decouvrez-expeditions\/","title":{"rendered":"Exp\u00e9ditions"},"content":{"rendered":"\r\n    \r\n    <section class=\"block-hero-cover hero-cover-frame-lines\">\r\n\r\n                    <div class=\"parallax-hero-image darken cover\">\r\n                <img decoding=\"async\" class=\"lazyload\" src=\"https:\/\/amundsenscience.com\/wp-content\/uploads\/2023\/12\/Panorama_bateau_2-1-1920x960.jpg\" data-src=\"https:\/\/amundsenscience.com\/wp-content\/uploads\/2023\/12\/Panorama_bateau_2-1-1920x960.jpg\" alt=\"\">\r\n            <\/div>\r\n        \r\n        <div class=\"hero-intro-content inline-pad\">\r\n\r\n            <h1 class=\"headline reveal-animation text-color-white\">D\u00e9couvrez les exp\u00e9ditions<\/h1>\r\n\r\n            \r\n        <\/div>\r\n\r\n    <\/section>\r\n\r\n\n\n\n<section class=\"centered-text-image inline-pad block-pad bg-dark\">\n    <div class=\"grid-wrap--center\">\n    <div class=\"col\">\n            <\/div>\n    <div class=\"col centered\">\n        \n        <div class=\"text-area wysiwyg big-text\"><p>En procurant aux chercheurs canadiens et leurs collaborateurs internationaux un acc\u00e8s sans pr\u00e9c\u00e9dent \u00e0 l\u2019oc\u00e9an Arctique, l\u2019<em>Amundsen<\/em> a \u00e9t\u00e9 un acteur cl\u00e9 dans la revitalisation des sciences arctiques canadiennes. La\u00a0 maintenance annuelle du navire et ses instruments de recherche oc\u00e9anographique acquis au fil des ann\u00e9es en font une plateforme polyvalente pour les oc\u00e9anographes, climatologues, g\u00e9ologues marins, et \u00e9pid\u00e9miologistes et professionnels de la sant\u00e9 \u00e9tudiant les communaut\u00e9s nordiques.<\/p>\n<h3>Depuis 2003, l&rsquo;exp\u00e9dition annuelle <em>Amundsen<\/em> repr\u00e9sente plus de:<\/h3>\n<\/div>\n\n        <div class=\"grid-wrap--no-gap grid-wrap--bottom\">\n            <div class=\"col\">\n            <a href=\"https:\/\/amundsenscience.com\/wp-content\/uploads\/2023\/10\/b96d3b8b0dd7a52b6cdd4872c3558dd4-1.png\" data-fancybox data-caption=\"\">\n                <div class=\"parallax-image\">\n                    <img decoding=\"async\" class=\"lazyload\" src=\"https:\/\/amundsenscience.com\/wp-content\/uploads\/2023\/11\/b96d3b8b0dd7a52b6cdd4872c3558dd4-1-aspect-ratio-4-5-1-819x1024.png\" data-src=\"https:\/\/amundsenscience.com\/wp-content\/uploads\/2023\/11\/b96d3b8b0dd7a52b6cdd4872c3558dd4-1-aspect-ratio-4-5-1-819x1024.png\" alt=\"\">\n                <\/div>\n             <\/a>   \n            <\/div>\n            <div class=\"col\">\n                <div class=\"text-area wysiwyg\"><ul>\n<li style=\"font-weight: 400\"><span style=\"font-weight: 400\"><strong>2 718<\/strong> jours en mer<\/span><\/li>\n<li style=\"font-weight: 400\"><span style=\"font-weight: 400\"><strong>373 255<\/strong> milles nautiques, soit environ 17 fois le tour de la Terre<\/span><\/li>\n<li style=\"font-weight: 400\"><span style=\"font-weight: 400\"><strong>2000<\/strong> participantes et participants aux exp\u00e9ditions<\/span><\/li>\n<li style=\"font-weight: 400\"><span style=\"font-weight: 400\">Des collaborations internationales impliquant plus de <strong>25<\/strong> pays<\/span><\/li>\n<li style=\"font-weight: 400\"><span style=\"font-weight: 400\"><strong>50<\/strong> programmes scientifiques<\/span><\/li>\n<li style=\"font-weight: 400\"><span style=\"font-weight: 400\"><strong>1 500<\/strong> publications scientifiques \u00e9valu\u00e9es par les pairs<\/span><\/li>\n<li style=\"font-weight: 400\"><span style=\"font-weight: 400\"><strong>2 700<\/strong> pr\u00e9sentations orales et affiches scientifiques<\/span><\/li>\n<li style=\"font-weight: 400\"><span style=\"font-weight: 400\"><strong>400<\/strong> ensembles de donn\u00e9es<\/span><\/li>\n<\/ul>\n<\/div>\n            <\/div>\n        <\/div>\n\n    <\/div>\n    <\/div>\n<\/section>\n\n\n\n<section class=\"inline-pad block-pad-top-large\">\n\n        <span class=\"surtitle-label\">Pr\u00e9parer votre exp\u00e9dition<\/span>\n\n            <div class=\"section-header\">\n            <div class=\"text-area wysiwyg\"><h3>Embarquerez vous \u00e0 bord du NGCC <em>Amundsen<\/em> l&rsquo;ann\u00e9e prochaine?<\/h3>\n<p>Chaque ann\u00e9e, le NGCC <em>Amundsen<\/em> accueille plus de 100 scientifiques \u00e0 son bord pour mener leurs recherches dans l&rsquo;Arctique canadien.<\/p>\n<\/div>\n        <\/div>\n    \n\n\n    \n\n\n    <div class=\"block-faq\">\n\n        <div class=\"accordion-items\">\n\n                            <div class=\"accordion-item\">\n                    <div class=\"accordion-head\">\n                        <h5 class=\"accordion-title\" data-item-num=\"01\">\n                            Participation scientifique                        <\/h5>\n                    <\/div>\n                    <div class=\"accordion-content\"> <p><span>Pour participer \u00e0 l\u2019exp\u00e9dition annuelle <em>Amundsen<\/em>, chaque personne doit \u00eatre associ\u00e9e \u00e0 un programme de recherche dont la demande de temps de navire a \u00e9t\u00e9 accept\u00e9e. Si votre participation a \u00e9t\u00e9 confirm\u00e9e, vous pourrez vous pr\u00e9parer ad\u00e9quatement via notre site Web.\u00a0<\/span><\/p>\n<p>&nbsp;<\/p>\n<p><a href=\"https:\/\/amundsenscience.com\/fr\/decouvrez-expeditions\/preparer-votre-expedition\/\" class=\"cta-main\"><span><span data-name=\"En savoir plus\">En savoir plus<\/span><\/span><\/a><\/p>\n<\/div>\n                <\/div>\n                            <div class=\"accordion-item\">\n                    <div class=\"accordion-head\">\n                        <h5 class=\"accordion-title\" data-item-num=\"02\">\n                            Participation m\u00e9diatique                        <\/h5>\n                    <\/div>\n                    <div class=\"accordion-content\"> <p><span>Amundsen Science est ouvert aux propositions m\u00e9diatiques professionnelles dans les domaines du film, de la photographie, de l\u2019\u00e9criture et des arts visuels, dont l\u2019objectif est d\u2019explorer et diffuser les accomplissements de recherche de l\u2019organisation.<\/span><\/p>\n<p>&nbsp;<\/p>\n<p><a href=\"https:\/\/amundsenscience.com\/fr\/guide-de-proposition-pour-les-medias\/\" class=\"cta-main\"><span><span data-name=\"En savoir plus\">En savoir plus<\/span><\/span><\/a><\/p>\n<\/div>\n                <\/div>\n            \n        <\/div>\n\n    <\/div>\n\n<\/section>\n\n\n\n\n<section id=\"expeditions\" class=\"inline-pad block-pad\">\n\n        <span class=\"surtitle-label\">Exp\u00e9ditions<\/span>\n\n            <div class=\"section-header\">\n            <div class=\"text-area wysiwyg\"><h2>D\u00e9couvrez nos exp\u00e9ditions pr\u00e9c\u00e9dentes<\/h2>\n<p>Acc\u00e9der aux informations d\u00e9taill\u00e9es sur les op\u00e9rations scientifiques \u00e0 bord du NGCC <i><em>Amundsen <\/em><\/i>et ses itin\u00e9raires depuis 2005.<\/p>\n<p><a href=\"https:\/\/data.amundsen.ulaval.ca\/\" class=\"cta-main\" target=\"_blank\" rel=\"noopener\"><span><span data-name=\"Cliquez ici\">Cliquez ici<\/span><\/span><\/a><\/p>\n<\/div>\n                    <\/div>\n    \n    <div id=\"response\" class=\"teaser-items stacked\">\n\n        \n                            \n                <a href=\"https:\/\/amundsenscience.com\/fr\/expeditions\/expedition-2025\/\" class=\"teaser-item teaser-item-0\">\n                    <div class=\"parallax-image\">\n                        <img decoding=\"async\" class=\"lazyload\" src=\"https:\/\/amundsenscience.com\/wp-content\/uploads\/2025\/11\/5BC62D1C-B158-4FD2-BBF8-75A5980BBD5A_1_105_c-150x100.jpeg\" data-src=\"https:\/\/amundsenscience.com\/wp-content\/uploads\/2025\/11\/5BC62D1C-B158-4FD2-BBF8-75A5980BBD5A_1_105_c-1024x683.jpeg\" alt=\"Exp\u00e9dition 2025\">\n                    <\/div>\n                                                                    <div class=\"item-info border-top border-bottom\">\n                            <div class=\"meta-data\">\n                                <span class=\"cat-label subtitle\">2025<\/span>\n                            <\/div>\n                                                <div class=\"description\">\n                            <h4 class=\"title\">Exp\u00e9dition 2025<\/h4>\n                            <p>Le 27 juin, le brise-glace de recherche canadien NGCC Amundsen a quitt\u00e9 Qu\u00e9bec pour son exp\u00e9dition annuelle dans l\u2019oc\u00e9an Arctique. Plus de 160 scientifiques issus d\u2019\u00e9quipes de recherche nationales et internationales sont mont\u00e9s \u00e0 bord pour \u00e9tudier les environnements marins et c\u00f4tiers de l\u2019Arctique canadien et groenlandais.<\/p>\n                        <\/div>\n                        <\/div>\n                <\/a>\n\n                            \n                <a href=\"https:\/\/amundsenscience.com\/fr\/expeditions\/expedition-2024\/\" class=\"teaser-item teaser-item-1\">\n                    <div class=\"parallax-image\">\n                        <img decoding=\"async\" class=\"lazyload\" src=\"https:\/\/amundsenscience.com\/wp-content\/uploads\/2024\/08\/DSC08440-150x100.jpg\" data-src=\"https:\/\/amundsenscience.com\/wp-content\/uploads\/2024\/08\/DSC08440-1024x683.jpg\" alt=\"Exp\u00e9dition 2024\">\n                    <\/div>\n                                                                    <div class=\"item-info border-top border-bottom\">\n                            <div class=\"meta-data\">\n                                <span class=\"cat-label subtitle\">2024<\/span>\n                            <\/div>\n                                                <div class=\"description\">\n                            <h4 class=\"title\">Exp\u00e9dition 2024<\/h4>\n                            <p>Le 14 juin, le brise-glace de recherche canadien NGCC Amundsen a quitt\u00e9 la ville de Qu\u00e9bec pour son exp\u00e9dition annuelle dans l\u2019oc\u00e9an Arctique et est revenu le 29 octobre. Ce sont 188 scientifiques multidisciplinaires d\u2019\u00e9quipes de recherche nationales et internationales qui sont mont\u00e9s \u00e0 bord pour \u00e9tudier les environnements marins et c\u00f4tiers de l\u2019Arctique canadien et groenlandais.<\/p>\n                        <\/div>\n                        <\/div>\n                <\/a>\n\n                            \n                <a href=\"https:\/\/amundsenscience.com\/fr\/expeditions\/expedition-2023\/\" class=\"teaser-item teaser-item-2\">\n                    <div class=\"parallax-image\">\n                        <img decoding=\"async\" class=\"lazyload\" src=\"https:\/\/amundsenscience.com\/wp-content\/uploads\/2023\/11\/DSC_7587-150x100.jpg\" data-src=\"https:\/\/amundsenscience.com\/wp-content\/uploads\/2023\/11\/DSC_7587-1024x683.jpg\" alt=\"Exp\u00e9dition 2023\">\n                    <\/div>\n                                                                    <div class=\"item-info border-top border-bottom\">\n                            <div class=\"meta-data\">\n                                <span class=\"cat-label subtitle\">2023<\/span>\n                            <\/div>\n                                                <div class=\"description\">\n                            <h4 class=\"title\">Exp\u00e9dition 2023<\/h4>\n                            <p>Le 8 juillet, le brise-glace de recherche canadien NGCC Amundsen a quitt\u00e9 la ville de Qu\u00e9bec pour son exp\u00e9dition annuelle dans l&rsquo;oc\u00e9an Arctique et est revenu le 25 octobre. Environ 140 scientifiques multidisciplinaires d&rsquo;\u00e9quipes de recherche nationales et internationales sont mont\u00e9s \u00e0 bord pour \u00e9tudier les environnements marins et c\u00f4tiers de l&rsquo;Arctique canadien et groenlandais.<\/p>\n                        <\/div>\n                        <\/div>\n                <\/a>\n\n                            \n                <a href=\"https:\/\/amundsenscience.com\/fr\/expeditions\/2022-expedition\/\" class=\"teaser-item teaser-item-3\">\n                    <div class=\"parallax-image\">\n                        <img decoding=\"async\" class=\"lazyload\" src=\"https:\/\/amundsenscience.com\/wp-content\/uploads\/2023\/11\/vlcsnap-2022-09-21-09h35m40s526_Dave-aspect-ratio-3-2-150x100.png\" data-src=\"https:\/\/amundsenscience.com\/wp-content\/uploads\/2023\/11\/vlcsnap-2022-09-21-09h35m40s526_Dave-aspect-ratio-3-2-1024x683.png\" alt=\"Exp\u00e9dition 2022\">\n                    <\/div>\n                                                                    <div class=\"item-info border-top border-bottom\">\n                            <div class=\"meta-data\">\n                                <span class=\"cat-label subtitle\">2022<\/span>\n                            <\/div>\n                                                <div class=\"description\">\n                            <h4 class=\"title\">Exp\u00e9dition 2022<\/h4>\n                            <p>Le 9 septembre, le brise-glace de recherche canadien NGCC Amundsen a quitt\u00e9 le port de Qu\u00e9bec pour l&rsquo;exp\u00e9dition annuelle Amundsen dans l&rsquo;oc\u00e9an Arctique et est revenu le 19 octobre. L&rsquo;exp\u00e9dition accueillant \u00e0 bord 71 scientifiques multidisciplinaires issus d&rsquo;\u00e9quipes de recherche nationales et internationales a permis d&rsquo;\u00e9tudier les environnements marins et c\u00f4tiers de l&rsquo;Arctique canadien et groenlandais.<\/p>\n                        <\/div>\n                        <\/div>\n                <\/a>\n\n                            \n                <a href=\"https:\/\/amundsenscience.com\/fr\/expeditions\/2021-expedition\/\" class=\"teaser-item teaser-item-4\">\n                    <div class=\"parallax-image\">\n                        <img decoding=\"async\" class=\"lazyload\" src=\"https:\/\/amundsenscience.com\/wp-content\/uploads\/2023\/11\/GlacierOperations1-150x100.jpg\" data-src=\"https:\/\/amundsenscience.com\/wp-content\/uploads\/2023\/11\/GlacierOperations1-1024x683.jpg\" alt=\"Exp\u00e9dition 2021\">\n                    <\/div>\n                                                                    <div class=\"item-info border-top border-bottom\">\n                            <div class=\"meta-data\">\n                                <span class=\"cat-label subtitle\">2021<\/span>\n                            <\/div>\n                                                <div class=\"description\">\n                            <h4 class=\"title\">Exp\u00e9dition 2021<\/h4>\n                            <p>Cette exp\u00e9dition multidisciplinaire s\u2019est d\u00e9roul\u00e9e du 4 juillet au 3 novembre et a permis \u00e0 plus de 140 scientifiques issus d&rsquo;\u00e9quipes de recherche nationales et internationales d&rsquo;\u00e9tudier les environnements marins et c\u00f4tiers de la mer du Labrador, de la baie de Baffin, de l&rsquo;archipel Arctique canadien et de la mer de Beaufort.<\/p>\n                        <\/div>\n                        <\/div>\n                <\/a>\n\n                            \n                <a href=\"https:\/\/amundsenscience.com\/fr\/expeditions\/2020-expeditions\/\" class=\"teaser-item teaser-item-5\">\n                    <div class=\"parallax-image\">\n                        <img decoding=\"async\" class=\"lazyload\" src=\"https:\/\/amundsenscience.com\/wp-content\/uploads\/2023\/12\/CFL_Ice_collection-01-aspect-ratio-3-2-150x100.jpg\" data-src=\"https:\/\/amundsenscience.com\/wp-content\/uploads\/2023\/12\/CFL_Ice_collection-01-aspect-ratio-3-2-1024x683.jpg\" alt=\"Exp\u00e9ditions 2020\">\n                    <\/div>\n                                                                    <div class=\"item-info border-top border-bottom\">\n                            <div class=\"meta-data\">\n                                <span class=\"cat-label subtitle\">2020<\/span>\n                            <\/div>\n                                                <div class=\"description\">\n                            <h4 class=\"title\">Exp\u00e9ditions 2020<\/h4>\n                            <p>En 2020, l&rsquo;exp\u00e9dition annuelle Amundsen a \u00e9t\u00e9 impact\u00e9e par la pand\u00e9mie mondiale de COVID-19, entra\u00eenant la suspension de toutes les activit\u00e9s scientifiques dans l\u2019Arctique. L&rsquo;exp\u00e9dition s&rsquo;est d\u00e9roul\u00e9e jusqu&rsquo;au 27 octobre et a permis \u00e0 37 scientifiques multidisciplinaire issus d&rsquo;\u00e9quipes de recherche nationales d&rsquo;\u00e9tudier les environnements marins et c\u00f4tiers de l&rsquo;oc\u00e9an Atlantique canadien et groenlandais.<\/p>\n                        <\/div>\n                        <\/div>\n                <\/a>\n\n            \n    <\/div>\n\n\n\n    <div class=\"loadmore-progress\">\r\n    <span id=\"loadmore-btn\" data-post-type=\"expedition\" class=\"cta-main\"><span><span data-name=\"Afficher plus\">Afficher plus<\/span><\/span><\/span>\r\n    <svg id=\"loading-animation\" version=\"1.1\" x=\"0px\" y=\"0px\" viewBox=\"0 40 54 20\" enable-background=\"new 0 0 0 0\" xml:space=\"preserve\">\r\n        <circle fill=\"#e31937\" stroke=\"none\" cx=\"6\" cy=\"50\" r=\"6\">\r\n            <animate attributeName=\"opacity\" dur=\"1s\" values=\"0;1;0\" repeatCount=\"indefinite\" begin=\"0.1\" \/>\r\n        <\/circle>\r\n        <circle fill=\"#e31937\" stroke=\"none\" cx=\"26\" cy=\"50\" r=\"6\">\r\n            <animate attributeName=\"opacity\" dur=\"1s\" values=\"0;1;0\" repeatCount=\"indefinite\" begin=\"0.2\" \/>\r\n        <\/circle>\r\n        <circle fill=\"#e31937\" stroke=\"none\" cx=\"46\" cy=\"50\" r=\"6\">\r\n            <animate attributeName=\"opacity\" dur=\"1s\" values=\"0;1;0\" repeatCount=\"indefinite\" begin=\"0.3\" \/>\r\n        <\/circle>\r\n    <\/svg>\r\n<\/div>\n<\/section>\n\n<section class=\"inline-pad block-pad\">\n\n    <div class=\"banner-cta\">\n        <div class=\"banner-cta-content text-area inline-pad\">\n            <span class=\"surtitle-label white\">Contactez-nous<\/span>\n            <div class=\"text-area wysiwyg\"><h2>Avez-vous besoin d\u2019un partenaire de recherche pour r\u00e9aliser vos projets?<\/h2>\n<p><a href=\"https:\/\/amundsenscience.com\/fr\/demande-de-temps-navire\/\" class=\"cta-main\"><span><span data-name=\"Demande de temps de navire\">Demande de temps de navire<\/span><\/span><\/a><\/p>\n<\/div>\n        <\/div>\n        <div class=\"parallax-image cover darken aspect-ratio-wide\">\n            <img decoding=\"async\" class=\"lazyload\" src=\"https:\/\/amundsenscience.com\/wp-content\/uploads\/2023\/10\/aace23e510f165d6404ead55c10868b8-150x100.png\" data-src=\"https:\/\/amundsenscience.com\/wp-content\/uploads\/2023\/10\/aace23e510f165d6404ead55c10868b8-1920x1280.png\" alt=\"\">\n        <\/div>\n    <\/div>\n\n<\/section>","protected":false},"excerpt":{"rendered":"","protected":false},"author":2,"featured_media":2523,"parent":0,"menu_order":23,"comment_status":"closed","ping_status":"closed","template":"","meta":{"_acf_changed":false,"footnotes":""},"class_list":["post-1741","page","type-page","status-publish","has-post-thumbnail","hentry"],"acf":[],"_links":{"self":[{"href":"https:\/\/amundsenscience.com\/fr\/wp-json\/wp\/v2\/pages\/1741","targetHints":{"allow":["GET"]}}],"collection":[{"href":"https:\/\/amundsenscience.com\/fr\/wp-json\/wp\/v2\/pages"}],"about":[{"href":"https:\/\/amundsenscience.com\/fr\/wp-json\/wp\/v2\/types\/page"}],"author":[{"embeddable":true,"href":"https:\/\/amundsenscience.com\/fr\/wp-json\/wp\/v2\/users\/2"}],"replies":[{"embeddable":true,"href":"https:\/\/amundsenscience.com\/fr\/wp-json\/wp\/v2\/comments?post=1741"}],"version-history":[{"count":0,"href":"https:\/\/amundsenscience.com\/fr\/wp-json\/wp\/v2\/pages\/1741\/revisions"}],"wp:featuredmedia":[{"embeddable":true,"href":"https:\/\/amundsenscience.com\/fr\/wp-json\/wp\/v2\/media\/2523"}],"wp:attachment":[{"href":"https:\/\/amundsenscience.com\/fr\/wp-json\/wp\/v2\/media?parent=1741"}],"curies":[{"name":"wp","href":"https:\/\/api.w.org\/{rel}","templated":true}]}}