{"id":1737,"date":"2023-11-16T14:40:14","date_gmt":"2023-11-16T19:40:14","guid":{"rendered":"https:\/\/treize.dev\/amundse\/?page_id=1737"},"modified":"2024-01-09T16:07:15","modified_gmt":"2024-01-09T21:07:15","slug":"guide-de-proposition-pour-les-medias","status":"publish","type":"page","link":"https:\/\/amundsenscience.com\/fr\/guide-de-proposition-pour-les-medias\/","title":{"rendered":"Guide de proposition pour les m\u00e9dias"},"content":{"rendered":"\r\n    \r\n    <section class=\"block-hero no-frame-lines\">\r\n\r\n        <div class=\"hero-content is_excerpt hero-block-top-pad block-bottom-pad-xs inline-pad dark-frame-lines\">\r\n                        <h1 class=\"headline\">Guide de temps de navire pour les m\u00e9dias<\/h1>\r\n            <!-- If side text -->\r\n                            <div class=\"excerpt\"><p><span style=\"font-weight: 400;\">Un des objectifs fondamentaux d\u2019Amundsen Science est de contribuer au d\u00e9veloppement et \u00e0 la diffusion de la recherche arctique au grand public. Ainsi, Amundsen Science est ouvert aux propositions m\u00e9diatiques professionnelles dans les domaines du film, de la photographie, de l\u2019\u00e9criture et des arts visuels, dont l\u2019objectif est d\u2019explorer et diffuser les accomplissements de recherche de l\u2019organisation.<\/span><\/p>\n<\/div>\r\n                    <\/div>\r\n\r\n                    <div class=\"parallax-image cover aspect-ratio-wide white-frame-lines\">\r\n                <img decoding=\"async\" class=\"lazyload\" src=\"https:\/\/amundsenscience.com\/wp-content\/uploads\/2023\/11\/cbcMedia-Copie-150x100.jpg\" data-src=\"https:\/\/amundsenscience.com\/wp-content\/uploads\/2023\/11\/cbcMedia-Copie-1920x1280.jpg\" alt=\"Two journalist equiped with microphone and camera onboard the icebreaker CCGS Amundsen\">\r\n            <\/div>\r\n        \r\n    <\/section>\r\n\r\n\r\n\n\n<section class=\"inline-pad block-pad\">\r\n\r\n    <div class=\"wysiwyg-layout\">\r\n\r\n        <div class=\"content\">\r\n\r\n                            \r\n                    \r\n                        \r\n                            <span class=\"surtitle-label\">Guidelines<\/span>\n\r\n                    \r\n                \r\n                    \r\n                        \r\n                        <div class=\"text-area wysiwyg\">\r\n                            <h3>Une soumission de proposition de projet doit inclure :<\/h3>\n<ul>\n<li>Le nom de l\u2019organisme m\u00e9diatique et du contact principal;<\/li>\n<li>Une explication des activit\u00e9s m\u00e9diatiques impliqu\u00e9es dans le projet;<\/li>\n<li>Le nombre n\u00e9cessaire d\u2019espaces couchette \u00e0 bord du brise-glace;<\/li>\n<li>Les dates souhait\u00e9es et la dur\u00e9e du projet;<\/li>\n<li>Les besoins techniques et en infrastructure \u00e0 bord du navire (ex : acc\u00e8s \u00e0 l\u2019h\u00e9licopt\u00e8re ou au Zodiac);<\/li>\n<li>Un budget d\u00e9crivant les sources de financement ainsi qu\u2019une liste des collaborateurs;<\/li>\n<li>Une description exhaustive du projet;<\/li>\n<li>Une description des impacts m\u00e9diatiques anticip\u00e9s (produits d\u00e9riv\u00e9s, public cible et comment le projet s\u2019int\u00e8gre au mandat de communication scientifique d\u2019Amundsen Science incluant l\u2019augmentation de la conscientisation du public par rapport \u00e0 l\u2019Arctique);<\/li>\n<li>Une ou plusieurs lettres d\u2019appui de l\u2019employeur, du m\u00e9dia ou de la soci\u00e9t\u00e9 de production qui \u00e9ditera le projet.<\/li>\n<\/ul>\n<p>Les candidats doivent faire r\u00e9f\u00e9rence \u00e0 tous projets pass\u00e9s et en cours reli\u00e9s \u00e0 leur proposition et inclure, si possible, des \u00e9chantillons de travail. Les propositions de projet peuvent \u00eatre \u00e9crites en fran\u00e7ais ou en anglais, doivent comporter un maximum de 10 pages (excluant l\u2019\u00e9chantillon de travail et le budget), et doivent \u00eatre sauv\u00e9es en format .pdf ou .doc. Les propositions incompl\u00e8tes seront refus\u00e9es.<\/p>\n<p>Date limite pour soumettre une proposition de projet : 28 f\u00e9vrier de chaque ann\u00e9e.<\/p>\n<p>Pri\u00e8re de nous contacter pour toutes soumissions tardives.<\/p>\n<p>Veuillez envoyer vos questions et soumissions de projet \u00e0 :<\/p>\n<p><a href=\"mailto:media@as.ulaval.ca\">media@as.ulaval.ca<\/a><\/p>\n                        <\/div>\r\n\r\n                    \r\n                            \r\n        <\/div>\r\n\r\n    <\/div>\r\n\r\n<\/section>","protected":false},"excerpt":{"rendered":"","protected":false},"author":2,"featured_media":1553,"parent":0,"menu_order":29,"comment_status":"closed","ping_status":"closed","template":"","meta":{"_acf_changed":false,"footnotes":""},"class_list":["post-1737","page","type-page","status-publish","has-post-thumbnail","hentry"],"acf":[],"_links":{"self":[{"href":"https:\/\/amundsenscience.com\/fr\/wp-json\/wp\/v2\/pages\/1737","targetHints":{"allow":["GET"]}}],"collection":[{"href":"https:\/\/amundsenscience.com\/fr\/wp-json\/wp\/v2\/pages"}],"about":[{"href":"https:\/\/amundsenscience.com\/fr\/wp-json\/wp\/v2\/types\/page"}],"author":[{"embeddable":true,"href":"https:\/\/amundsenscience.com\/fr\/wp-json\/wp\/v2\/users\/2"}],"replies":[{"embeddable":true,"href":"https:\/\/amundsenscience.com\/fr\/wp-json\/wp\/v2\/comments?post=1737"}],"version-history":[{"count":0,"href":"https:\/\/amundsenscience.com\/fr\/wp-json\/wp\/v2\/pages\/1737\/revisions"}],"wp:featuredmedia":[{"embeddable":true,"href":"https:\/\/amundsenscience.com\/fr\/wp-json\/wp\/v2\/media\/1553"}],"wp:attachment":[{"href":"https:\/\/amundsenscience.com\/fr\/wp-json\/wp\/v2\/media?parent=1737"}],"curies":[{"name":"wp","href":"https:\/\/api.w.org\/{rel}","templated":true}]}}