{"id":1734,"date":"2023-10-14T21:16:41","date_gmt":"2023-10-15T01:16:41","guid":{"rendered":"https:\/\/treize.dev\/amundse\/?page_id=1734"},"modified":"2026-02-10T15:34:11","modified_gmt":"2026-02-10T20:34:11","slug":"demande-de-temps-navire","status":"publish","type":"page","link":"https:\/\/amundsenscience.com\/fr\/demande-de-temps-navire\/","title":{"rendered":"Demande De Temps-Navire"},"content":{"rendered":"\r\n    \r\n    <section class=\"block-hero-cover hero-cover-frame-lines\">\r\n\r\n                    <div class=\"parallax-hero-image darken cover\">\r\n                <img decoding=\"async\" class=\"lazyload\" src=\"https:\/\/amundsenscience.com\/wp-content\/uploads\/2023\/11\/Alex_Ingle_Leg1B_2019-30.jpg\" data-src=\"https:\/\/amundsenscience.com\/wp-content\/uploads\/2023\/11\/Alex_Ingle_Leg1B_2019-30.jpg\" alt=\"Icebreaker CCGS Amundsen on the water\">\r\n            <\/div>\r\n        \r\n        <div class=\"hero-intro-content inline-pad\">\r\n\r\n            <h1 class=\"headline reveal-animation text-color-white\">Demande de  <br \/>\r\ntemps de navire<\/h1>\r\n\r\n            \r\n        <\/div>\r\n\r\n    <\/section>\r\n\r\n\n\n\n<section class=\"block-text-image inline-pad block-pad bg-dark\">\n\n    <div class=\"grid \">\n        <div class=\"col gap-right-small\">\n                        <div class=\"text-area wysiwyg\"><h3>Comment soumettre une demande ?<\/h3>\n<p><span style=\"font-weight: 400;\">Les programmes scientifiques demandant l&rsquo;acc\u00e8s au NGCC <\/span><span style=\"font-weight: 400;\"><em>Amundsen<\/em> <\/span><span style=\"font-weight: 400;\">doivent soumettre une demande officielle de temps de navire en remplissant un formulaire sur le Portail en ligne d&rsquo;Amundsen Science. Les programmes qui soumettent une demande doivent d\u00e9j\u00e0 avoir <\/span><\/p>\n<ul>\n<li><span style=\"font-weight: 400;\">obtenu ou anticip\u00e9 un financement pour le temps de navire aupr\u00e8s d&rsquo;une agence de financement (par exemple, le CRSNG au Canada);<\/span><\/li>\n<li><span style=\"font-weight: 400;\">avoir fait l&rsquo;objet d&rsquo;un processus d&rsquo;examen scientifique confirmant l&rsquo;excellence scientifique du programme propos\u00e9. <\/span><\/li>\n<\/ul>\n<p><span style=\"font-weight: 400;\">Les programmes admissibles soumettant une demande de temps-navire peuvent \u00e9galement demander un soutien financier aupr\u00e8s du fonds de temps de navire scientifique de l&rsquo;<\/span><em><span style=\"font-weight: 400;\">Amundsen<\/span><\/em><span style=\"font-weight: 400;\"> pour compl\u00e9ter leur financement pour le temps de navire obtenu ou anticip\u00e9.<\/span><\/p>\n<p><strong>La date limite officielle pour soumettre une demande pour votre programme de recherche est le 30 septembre de chaque ann\u00e9e pour participer \u00e0 l&rsquo;exp\u00e9dition <em>Amundsen<\/em> de l&rsquo;ann\u00e9e suivante.<\/strong><\/p>\n<p><a href=\"https:\/\/intranet.amundsenscience.com\/\" class=\"cta-main\"><span><span data-name=\"Appliquer pour du temps de navire\">Appliquer pour du temps de navire<\/span><\/span><\/a><\/p>\n<\/div>\n        <\/div>\n        <div class=\"col\">\n            <a href=\"https:\/\/amundsenscience.com\/wp-content\/uploads\/2023\/11\/Amundsen-Science_83-1920x1280.jpg\" data-fancybox data-caption=\"\">\n\n                <div class=\"block-image\">\n                    <div class=\"parallax-image\">\n                        <img decoding=\"async\" data-src=\"https:\/\/amundsenscience.com\/wp-content\/uploads\/2023\/11\/Amundsen-Science_83-aspect-ratio-4-5-1400x1750.jpg\" alt=\"\" src=\"data:image\/svg+xml;base64,PHN2ZyB3aWR0aD0iMSIgaGVpZ2h0PSIxIiB4bWxucz0iaHR0cDovL3d3dy53My5vcmcvMjAwMC9zdmciPjwvc3ZnPg==\" class=\"lazyload\" style=\"--smush-placeholder-width: 1400px; --smush-placeholder-aspect-ratio: 1400\/1750;\">\n                    <\/div>\n                <\/div>\n            <\/a>\n        <\/div>\n    <\/div>\n\n<\/section>\n\n<section class=\"inline-pad block-pad\">\r\n\r\n    <div class=\"wysiwyg-layout\">\r\n\r\n        <div class=\"content\">\r\n\r\n                            \r\n                    \r\n                        \r\n                            <span class=\"surtitle-label\">Processus<\/span>\n\r\n                    \r\n                \r\n                    \r\n                        \r\n                        <div class=\"text-area wysiwyg\">\r\n                            <h2>Processus de demande de temps de navire<\/h2>\n<p>Amundsen Science vise \u00e0 permettre la recherche de pointe, pluridisciplinaire et internationale dans les mers septentrionales du Canada afin d&rsquo;informer sur les questions environnementales, soci\u00e9tales et \u00e9conomiques d&rsquo;importance strat\u00e9gique pour le Canada.<\/p>\n<p>Le brise-glace de recherche NGCC <em>Amundsen<\/em> est con\u00e7u pour accueillir une large gamme de recherches oc\u00e9anographiques visant l&rsquo;atmosph\u00e8re, la glace de mer, le milieu marin et le fond marin. Les scientifiques issus du milieu acad\u00e9mique, du gouvernement ou du secteur priv\u00e9, dont le travail est li\u00e9 \u00e0 l&rsquo;Arctique ou au subarctique, peuvent avoir acc\u00e8s au navire.<\/p>\n<p>Les \u00e9quipes d&rsquo;un segment donn\u00e9 (ou \u00ab\u00a0Leg\u00a0\u00bb) sont compos\u00e9es de personnes dipl\u00f4m\u00e9es, de chercheurs post-doctoraux et d&rsquo;enseignant\u00b7e\u00b7s-chercheur\u00b7se\u00b7s. Les projets conjoints avec l&rsquo;industrie peuvent impliquer des consultant\u00b7e\u00b7s et des ing\u00e9nieur\u00b7e\u00b7s. Des m\u00e9dias, des documentaristes et des artistes peuvent \u00e9galement \u00eatre pr\u00e9sents en fonction de la disponibilit\u00e9 des places. Pour plus d&rsquo;information sur la demande de temps de navire pour les m\u00e9dias, vous pouvez consulter le <a href=\"https:\/\/amundsenscience.com\/fr\/guide-de-proposition-pour-les-medias\/\">Guide de proposition pour les m\u00e9dias<\/a>.<\/p>\n<p>Chaque ann\u00e9e, le NGCC <em>Amundsen<\/em> est en exp\u00e9dition pendant 4 \u00e0 5 mois, avec un maximum de 40 scientifiques pour soutenir les programmes de recherche canadiens et les collaborations avec l&rsquo;industrie et des partenaires internationaux. Plus d&rsquo;informations sur les programmes de recherche qui ont utilis\u00e9 l&rsquo;<em>Amundsen<\/em> au fil des ann\u00e9es est dans la section <a href=\"https:\/\/amundsenscience.com\/fr\/decouvrez-expeditions\/\">exp\u00e9ditions pass\u00e9es<\/a>. En raison de la forte demande de temps de navire et de la courte fen\u00eatre d&rsquo;op\u00e9rations dans les mers du nord, le calendrier de l&rsquo;<em>Amundsen<\/em> doit \u00eatre soigneusement planifi\u00e9 plusieurs mois \u00e0 l&rsquo;avance.<\/p>\n                        <\/div>\r\n\r\n                    \r\n                \r\n                    \r\n                        \r\n                        <div class=\"text-area wysiwyg\">\r\n                            <h3>Examen de la demande de temps de navire<\/h3>\n<p>L&rsquo;attribution de l&rsquo;acc\u00e8s au NGCC <em>Amundsen<\/em> \u00e0 des fins scientifiques est d\u00e9cid\u00e9e au terme d&rsquo;un processus impartial qui examine les demandes de temps de navire et s\u00e9lectionne les programmes de recherche participants. Toutes les demandes de temps de navire pour une ann\u00e9e donn\u00e9e sont examin\u00e9es par le Comit\u00e9 consultatif des utilisateurs scientifiques de l&rsquo;<em>Amundsen<\/em>, qui \u00e9value et classe les demandes des programmes concurrents, s\u00e9lectionne les programmes participants et \u00e9tablit un calendrier pr\u00e9liminaire de d\u00e9ploiement pour l&rsquo;exp\u00e9dition annuelle <em>Amundsen<\/em>.<\/p>\n<p>Veuillez noter que le calendrier final, la dur\u00e9e, l&#8217;emplacement exact des sites d\u2019\u00e9chantillonnage, ainsi que le planning et la s\u00e9quence des op\u00e9rations seront finalement d\u00e9termin\u00e9s par la faisabilit\u00e9 de l&rsquo;int\u00e9gration des besoins des diff\u00e9rents programmes (lors de la r\u00e9union du Comit\u00e9 des utilisateurs) et par les contraintes globales d\u00e9termin\u00e9es par le Plan d&rsquo;exp\u00e9dition annuel (par exemple, les moments et les lieux des changements d&rsquo;\u00e9quipage). La finalisation des objectifs g\u00e9n\u00e9raux de l&rsquo;exp\u00e9dition et du plan de mission sera effectu\u00e9 lors d&rsquo;un atelier de planification r\u00e9unissant la Garde c\u00f4ti\u00e8re canadienne et tous les programmes d&rsquo;utilisateurs ayant obtenu du temps de navire pour une exp\u00e9dition donn\u00e9e. Cet atelier se tient g\u00e9n\u00e9ralement chaque ann\u00e9e en f\u00e9vrier \u00e0 Qu\u00e9bec et est obligatoire pour tous les programmes d&rsquo;utilisateurs. Il facilite les synergies et les collaborations entre les diff\u00e9rents programmes pour optimiser les op\u00e9rations en mer et r\u00e9duire les co\u00fbts.<\/p>\n<p>Pour plus d&rsquo;informations sur le processus de demande de temps de navire, veuillez contacter: <a href=\"mailto:info@as.ulaval.ca\">info@as.ulaval.ca<\/a><\/p>\n                        <\/div>\r\n\r\n                    \r\n                            \r\n        <\/div>\r\n\r\n    <\/div>\r\n\r\n<\/section>\n\n<section class=\"inline-pad block-pad\">\n\n    <div class=\"banner-cta\">\n        <div class=\"banner-cta-content text-area inline-pad\">\n            <span class=\"surtitle-label white\">Donn\u00e9es<\/span>\n            <div class=\"text-area wysiwyg\"><h3>Nos jeux de donn\u00e9es sont aussi disponibles pour vos projets de recherche<\/h3>\n<p>Depuis 2003, le brise-glace de recherche canadien NGCC <em>Amundsen\u00a0<\/em>navigue les eaux de l&rsquo;Arctique afin de permettre aux scientifiques d&rsquo;\u00e9tudier diff\u00e9rents ph\u00e9nom\u00e8ne unique \u00e0 cette r\u00e9gion. ainsi, nous avons d\u00e9velopp\u00e9 de vastes ensembles de donn\u00e9es qui pourraient vous \u00eatre utiles pour r\u00e9aliser vos projets de recherche. Voici une carte de toutes les stations d&rsquo;\u00e9chantillonnages pour lesquels nous avons recueilli de donn\u00e9es vari\u00e9es durant les 20 derni\u00e8res ann\u00e9es.<\/p>\n<p><a href=\"https:\/\/amundsenscience.com\/fr\/donnees\/\" class=\"cta-main\"><span>Explorez les donn\u00e9es<\/span><\/a><\/p>\n<\/div>\n        <\/div>\n        <div class=\"parallax-image cover darken aspect-ratio-wide\">\n            <img decoding=\"async\" class=\"lazyload\" src=\"https:\/\/amundsenscience.com\/wp-content\/uploads\/2026\/01\/CCGS_Amundsen_Tracks_2003_2025-2-150x84.png\" data-src=\"https:\/\/amundsenscience.com\/wp-content\/uploads\/2026\/01\/CCGS_Amundsen_Tracks_2003_2025-2-1920x1080.png\" alt=\"\">\n        <\/div>\n    <\/div>\n\n<\/section>","protected":false},"excerpt":{"rendered":"","protected":false},"author":2,"featured_media":1509,"parent":0,"menu_order":26,"comment_status":"closed","ping_status":"closed","template":"","meta":{"_acf_changed":false,"footnotes":""},"class_list":["post-1734","page","type-page","status-publish","has-post-thumbnail","hentry"],"acf":[],"_links":{"self":[{"href":"https:\/\/amundsenscience.com\/fr\/wp-json\/wp\/v2\/pages\/1734","targetHints":{"allow":["GET"]}}],"collection":[{"href":"https:\/\/amundsenscience.com\/fr\/wp-json\/wp\/v2\/pages"}],"about":[{"href":"https:\/\/amundsenscience.com\/fr\/wp-json\/wp\/v2\/types\/page"}],"author":[{"embeddable":true,"href":"https:\/\/amundsenscience.com\/fr\/wp-json\/wp\/v2\/users\/2"}],"replies":[{"embeddable":true,"href":"https:\/\/amundsenscience.com\/fr\/wp-json\/wp\/v2\/comments?post=1734"}],"version-history":[{"count":0,"href":"https:\/\/amundsenscience.com\/fr\/wp-json\/wp\/v2\/pages\/1734\/revisions"}],"wp:featuredmedia":[{"embeddable":true,"href":"https:\/\/amundsenscience.com\/fr\/wp-json\/wp\/v2\/media\/1509"}],"wp:attachment":[{"href":"https:\/\/amundsenscience.com\/fr\/wp-json\/wp\/v2\/media?parent=1734"}],"curies":[{"name":"wp","href":"https:\/\/api.w.org\/{rel}","templated":true}]}}