{"id":1680,"date":"2023-10-14T21:17:50","date_gmt":"2023-10-15T01:17:50","guid":{"rendered":"https:\/\/treize.dev\/amundse\/?page_id=1680"},"modified":"2025-09-04T07:48:15","modified_gmt":"2025-09-04T11:48:15","slug":"carrieres","status":"publish","type":"page","link":"https:\/\/amundsenscience.com\/fr\/carrieres\/","title":{"rendered":"Carri\u00e8res"},"content":{"rendered":"\r\n    \r\n    <section class=\"block-hero no-frame-lines\">\r\n\r\n        <div class=\"hero-content is_excerpt hero-block-top-pad block-bottom-pad-xs inline-pad dark-frame-lines\">\r\n                        <h1 class=\"headline\">Opportunit\u00e9s<br \/>\r\nd&#8217;emploi<\/h1>\r\n            <!-- If side text -->\r\n                            <div class=\"excerpt\"><p>Amundsen Science s\u2019appuie sur la vaste expertise et les connaissances de plus de 15 membres du personnel, tous engag\u00e9s \u00e0 maintenir le Canada en tant que chef de file mondial dans l&rsquo;exploration scientifique multidisciplinaire et multinationale de l&rsquo;oc\u00e9an Arctique en \u00e9volution.<\/p>\n<p>&nbsp;<\/p>\n<p>Nous acceptons aussi les candidatures spontan\u00e9es. Veuillez nous envoyer votre curriculum vitae et une lettre de motivation \u00e0 <a href=\"mailto:info@as.ulaval.ca\">info@as.ulaval.ca<\/a> pour postuler \u00e0 de futures offres d&#8217;emploi.<\/p>\n<\/div>\r\n                    <\/div>\r\n\r\n                    <div class=\"parallax-image cover aspect-ratio-wide white-frame-lines\">\r\n                <img decoding=\"async\" class=\"lazyload\" src=\"https:\/\/amundsenscience.com\/wp-content\/uploads\/2023\/10\/careers_hero-150x75.jpg\" data-src=\"https:\/\/amundsenscience.com\/wp-content\/uploads\/2023\/10\/careers_hero.jpg\" alt=\"\">\r\n            <\/div>\r\n        \r\n    <\/section>\r\n\r\n\r\n\n\n\n<section class=\"centered-text-image inline-pad block-pad \">\n    <div class=\"grid-wrap--center\">\n    <div class=\"col\">\n            <span class=\"surtitle-label\">Nos avantages<\/span>\n    <\/div>\n    <div class=\"col centered\">\n        \n        <div class=\"text-area wysiwyg big-text\"><p>Travailler chez Amundsen Science, c&rsquo;est travailler avec des personnes passionn\u00e9es par l&rsquo;oc\u00e9anographie, la biologie, l\u2019\u00e9cologie, la physique, l\u2019ing\u00e9nierie. C\u2019est travailler avec des personnes aux habilet\u00e9s techniques, administratives, de communication et de comptabilit\u00e9 d\u00e9velopp\u00e9es pour former une \u00e9quipe hautement qualifi\u00e9e. Nous communiquons et collaborons avec des partenaires internationaux et une communaut\u00e9 d\u2019usagers provenant de partout au Canada, y compris des communaut\u00e9s autochtones du Nord. Si vous aimez apprendre des autres et partager vos comp\u00e9tences et vos connaissances au profit d\u2019une organisation d\u00e9vou\u00e9e \u00e0 la recherche en Arctique, cet environnement de travail est fait pour vous !<\/p>\n<\/div>\n\n        <div class=\"grid-wrap--no-gap grid-wrap--bottom\">\n            <div class=\"col\">\n            <a href=\"https:\/\/amundsenscience.com\/wp-content\/uploads\/2023\/10\/4c8900a44ddb7ca3cc5a74aef0db78d8-1920x1280.jpg\" data-fancybox data-caption=\"\">\n                <div class=\"parallax-image\">\n                    <img decoding=\"async\" class=\"lazyload\" src=\"https:\/\/amundsenscience.com\/wp-content\/uploads\/2023\/11\/4c8900a44ddb7ca3cc5a74aef0db78d8-aspect-ratio-4-5-819x1024.jpg\" data-src=\"https:\/\/amundsenscience.com\/wp-content\/uploads\/2023\/11\/4c8900a44ddb7ca3cc5a74aef0db78d8-aspect-ratio-4-5-819x1024.jpg\" alt=\"\">\n                <\/div>\n             <\/a>   \n            <\/div>\n            <div class=\"col\">\n                <div class=\"text-area wysiwyg\"><p>Voici quelques-uns des avantages offerts aux membres de l\u2019\u00e9quipe:<\/p>\n<ul>\n<li>T\u00e9l\u00e9m\u00e9decine<\/li>\n<li>Ensemble complet d&rsquo;avantages sociaux<\/li>\n<li>R\u00e9gime de pension collective<\/li>\n<li>Environnement de travail unique en mer<\/li>\n<li>Horaires flexibles<\/li>\n<li>Vacances pay\u00e9es pendant la saison des vacances<\/li>\n<li>Possibilit\u00e9 de travailler \u00e0 domicile si les t\u00e2ches le permettent<\/li>\n<li>Accumulation de jours de cong\u00e9 pendant le travail en mer<\/li>\n<\/ul>\n<p>Chez Amundsen Science, votre poste \u00e9volue avec vous ! Nous accueillons les nouvelles id\u00e9es positives et pouvons proposer des cours et des formations pour acqu\u00e9rir de nouvelles comp\u00e9tences. Nous comprenons \u00e9galement que vous puissiez nourrir des projets en dehors du travail, et nous pouvons vous accorder des cong\u00e9s pour poursuivre vos r\u00eaves.<\/p>\n<\/div>\n            <\/div>\n        <\/div>\n\n    <\/div>\n    <\/div>\n<\/section>\n\n\n\n<section class=\"inline-pad block-pad-top-large block-pad-bottom-large bg-dark\">\n        <span class=\"surtitle-label\">Nos secteurs d&#8217;emplois<\/span>\n\n            <div class=\"section-header\">\n            <div class=\"text-area wysiwyg\"><h2>Diverses opportunit\u00e9s chez Amundsen Science<\/h2>\n<p>&nbsp;<\/p>\n<\/div>\n                    <\/div>\n        <div class=\"timeline\">\n                                <div class=\"swiper landscape\">\n\n                <div class=\"swiper-wrapper\">\n                    \n                        \n                        <div class=\"swiper-slide first-slide\">\n                            <div class=\"col\">\n                                <div class=\"date subtitle\"><\/div>\n                                <h4 class=\"step-name\">Techniciennes ou techniciens<\/h4>\n                                <div class=\"description\"><p>Nous recherchons dans notre \u00e9quipe des technicien(ne)s polyvalent(e)s et comp\u00e9tent(e)s pour nous aider \u00e0 entretenir et \u00e0 faire fonctionner nos instruments oc\u00e9anographiques et scientifiques, afin de r\u00e9pondre aux besoins de notre communaut\u00e9 scientifique sur une base annuelle. Les technicien(ne)s travaillent principalement depuis l&rsquo;entrep\u00f4t et passent du temps en mer lors de l&rsquo;exp\u00e9dition annuelle <em>Amundsen<\/em>.<\/p>\n<\/div>\n                            <\/div>\n                            <div class=\"col\">\n                                <a href=\"https:\/\/amundsenscience.com\/wp-content\/uploads\/2023\/11\/DSC_7237-683x1024.jpg\" data-fancybox=\"gallery\" data-caption=\"\">\n                                    <div class=\"block-image\">\n                                                                                    <div class=\"parallax-imagex\">\n                                                <img decoding=\"async\" data-src=\"https:\/\/amundsenscience.com\/wp-content\/uploads\/2023\/11\/DSC_7237-aspect-ratio-3-2-1-1024x683.jpg\" alt=\"\" src=\"data:image\/svg+xml;base64,PHN2ZyB3aWR0aD0iMSIgaGVpZ2h0PSIxIiB4bWxucz0iaHR0cDovL3d3dy53My5vcmcvMjAwMC9zdmciPjwvc3ZnPg==\" class=\"lazyload\" style=\"--smush-placeholder-width: 1024px; --smush-placeholder-aspect-ratio: 1024\/683;\">\n                                            <\/div>\n                                                                            <\/div>\n                                <\/a>\n                            <\/div>\n                        <\/div>\n                    \n                        \n                        <div class=\"swiper-slide \">\n                            <div class=\"col\">\n                                <div class=\"date subtitle\"><\/div>\n                                <h4 class=\"step-name\">Administration et logistique<\/h4>\n                                <div class=\"description\"><p><span style=\"font-weight: 400\">Des oc\u00e9anographes exp\u00e9riment\u00e9(e)s et des personnes organis\u00e9es font des personnes parfaites pour la planification et la logistique des exp\u00e9ditions chez Amundsen Science ! Tout au long de l&rsquo;ann\u00e9e, l&rsquo;\u00e9quipe d&rsquo;administration et de logistique planifie chaque d\u00e9tail de l&rsquo;exp\u00e9dition annuelle <\/span><i><span style=\"font-weight: 400\">Amundsen<\/span><\/i><span style=\"font-weight: 400\">, s&rsquo;assure que nous disposons de tous les permis n\u00e9cessaires pour \u00e9chantillonner dans diff\u00e9rentes eaux et sert de contact principal pour les participant(e)s de l&rsquo;exp\u00e9dition.\u00a0\u00a0<\/span><\/p>\n<\/div>\n                            <\/div>\n                            <div class=\"col\">\n                                <a href=\"https:\/\/amundsenscience.com\/wp-content\/uploads\/2023\/11\/5-DSC_3662-1024x683.jpg\" data-fancybox=\"gallery\" data-caption=\"\">\n                                    <div class=\"block-image\">\n                                                                                    <div class=\"parallax-imagex\">\n                                                <img decoding=\"async\" data-src=\"https:\/\/amundsenscience.com\/wp-content\/uploads\/2023\/11\/5-DSC_3662-1024x683.jpg\" alt=\"\" src=\"data:image\/svg+xml;base64,PHN2ZyB3aWR0aD0iMSIgaGVpZ2h0PSIxIiB4bWxucz0iaHR0cDovL3d3dy53My5vcmcvMjAwMC9zdmciPjwvc3ZnPg==\" class=\"lazyload\" style=\"--smush-placeholder-width: 1024px; --smush-placeholder-aspect-ratio: 1024\/683;\">\n                                            <\/div>\n                                                                            <\/div>\n                                <\/a>\n                            <\/div>\n                        <\/div>\n                    \n                        \n                        <div class=\"swiper-slide \">\n                            <div class=\"col\">\n                                <div class=\"date subtitle\"><\/div>\n                                <h4 class=\"step-name\">Communication<\/h4>\n                                <div class=\"description\"><p>Nous nous engageons \u00e0 partager l&rsquo;aventure <em>Amundsen<\/em> sur nos diff\u00e9rents canaux de communication. \u00c0 ces fins, notre \u00e9quipe passionn\u00e9e par la communication scientifique se d\u00e9voue \u00e0 sensibiliser le public \u00e0 l&rsquo;\u00e9volution de l&rsquo;oc\u00e9an Arctique. Elle g\u00e8re \u00e9galement les relations avec les m\u00e9dias, les relations publiques, communique avec notre communaut\u00e9 sur les r\u00e9seaux sociaux et organise l&rsquo;Atelier annuel de planification d\u2019Amundsen Science.<\/p>\n<\/div>\n                            <\/div>\n                            <div class=\"col\">\n                                <a href=\"https:\/\/amundsenscience.com\/wp-content\/uploads\/2023\/11\/Amundsen-47-1024x683.jpg\" data-fancybox=\"gallery\" data-caption=\"\">\n                                    <div class=\"block-image\">\n                                                                                    <div class=\"parallax-imagex\">\n                                                <img decoding=\"async\" data-src=\"https:\/\/amundsenscience.com\/wp-content\/uploads\/2023\/11\/Amundsen-47-1024x683.jpg\" alt=\"\" src=\"data:image\/svg+xml;base64,PHN2ZyB3aWR0aD0iMSIgaGVpZ2h0PSIxIiB4bWxucz0iaHR0cDovL3d3dy53My5vcmcvMjAwMC9zdmciPjwvc3ZnPg==\" class=\"lazyload\" style=\"--smush-placeholder-width: 1024px; --smush-placeholder-aspect-ratio: 1024\/683;\">\n                                            <\/div>\n                                                                            <\/div>\n                                <\/a>\n                            <\/div>\n                        <\/div>\n                    \n                        \n                        <div class=\"swiper-slide \">\n                            <div class=\"col\">\n                                <div class=\"date subtitle\"><\/div>\n                                <h4 class=\"step-name\">Comptabilit\u00e9 et ressources humaines<\/h4>\n                                <div class=\"description\"><p><span style=\"font-weight: 400\">Comme l&rsquo;organisation emploie plus de 15 personnes et g\u00e8re les finances d&rsquo;une infrastructure nationale, nous avons besoin d&rsquo;une \u00e9quipe pour veiller \u00e0 ce que nos comptes soient en ordre et \u00e0 ce qu\u2019ils r\u00e9pondent aux normes, ainsi que d&rsquo;une personne pour accueillir et guider les nouveaux membres de l&rsquo;\u00e9quipe.<\/span><\/p>\n<\/div>\n                            <\/div>\n                            <div class=\"col\">\n                                <a href=\"https:\/\/amundsenscience.com\/wp-content\/uploads\/2023\/11\/47-DSC_3176-1024x683.jpg\" data-fancybox=\"gallery\" data-caption=\"\">\n                                    <div class=\"block-image\">\n                                                                                    <div class=\"parallax-imagex\">\n                                                <img decoding=\"async\" data-src=\"https:\/\/amundsenscience.com\/wp-content\/uploads\/2023\/11\/47-DSC_3176-1024x683.jpg\" alt=\"\" src=\"data:image\/svg+xml;base64,PHN2ZyB3aWR0aD0iMSIgaGVpZ2h0PSIxIiB4bWxucz0iaHR0cDovL3d3dy53My5vcmcvMjAwMC9zdmciPjwvc3ZnPg==\" class=\"lazyload\" style=\"--smush-placeholder-width: 1024px; --smush-placeholder-aspect-ratio: 1024\/683;\">\n                                            <\/div>\n                                                                            <\/div>\n                                <\/a>\n                            <\/div>\n                        <\/div>\n                    \n                        \n                        <div class=\"swiper-slide \">\n                            <div class=\"col\">\n                                <div class=\"date subtitle\"><\/div>\n                                <h4 class=\"step-name\">Stagiaire<\/h4>\n                                <div class=\"description\"><p>Chez Amundsen Science, nous savons que le temps pass\u00e9 \u00e0 bord du NGCC <em>Amundsen<\/em> est un excellent moyen d&rsquo;apprendre et d&rsquo;acqu\u00e9rir de l&rsquo;exp\u00e9rience. Comme nous avons beaucoup de travail \u00e0 faire avant, pendant et apr\u00e8s l&rsquo;exp\u00e9dition annuelle <em>Amundsen<\/em>, nous engageons des stagiaires pour nous aider \u00e0 entretenir et \u00e0 faire fonctionner nos instruments oc\u00e9anographiques \u00e0 bord.<\/p>\n<\/div>\n                            <\/div>\n                            <div class=\"col\">\n                                <a href=\"https:\/\/amundsenscience.com\/wp-content\/uploads\/2023\/12\/DSC_5099-1024x683.jpg\" data-fancybox=\"gallery\" data-caption=\"\">\n                                    <div class=\"block-image\">\n                                                                                    <div class=\"parallax-imagex\">\n                                                <img decoding=\"async\" data-src=\"https:\/\/amundsenscience.com\/wp-content\/uploads\/2023\/12\/DSC_5099-1024x683.jpg\" alt=\"\" src=\"data:image\/svg+xml;base64,PHN2ZyB3aWR0aD0iMSIgaGVpZ2h0PSIxIiB4bWxucz0iaHR0cDovL3d3dy53My5vcmcvMjAwMC9zdmciPjwvc3ZnPg==\" class=\"lazyload\" style=\"--smush-placeholder-width: 1024px; --smush-placeholder-aspect-ratio: 1024\/683;\">\n                                            <\/div>\n                                                                            <\/div>\n                                <\/a>\n                            <\/div>\n                        <\/div>\n                                    <\/div>\n\n            \n            <\/div>\n            <div class=\"swiper-controls\">\n                <div class=\"progress-pagination\"><span><\/span><\/div>\n                <div class=\"swiper-button-prev\"><\/div>\n                <div class=\"swiper-button-next\"><\/div>\n            <\/div>\n    <\/div>\n\n<\/section>\n\n\n    <section class=\"inline-pad block-pad-top-small block-pad-bottom-small \">\n\n            <span class=\"surtitle-label\">Nos offre d&#8217;emplois<\/span>\n\n        <div class=\"section-header\">\n            <div class=\"text-area wysiwyg\"><h2>Faire partie de notre \u00e9quipe<\/h2>\n<p>&nbsp;<\/p>\n<\/div>\n                    <\/div>\n\n        <div class=\"teaser-items blog inline\">\n\n        \n                                                <\/div>\n\n                                                    \n            <\/section>\n\n                        \n\n\n<section class=\"block-text-image inline-pad block-pad bg-dark\">\n\n    <div class=\"grid reverse\">\n        <div class=\"col gap-right-small\">\n                <span class=\"surtitle-label\">Principes EDI<\/span>\n            <div class=\"text-area wysiwyg\"><h2>Notre engagement envers les principes d\u2019\u00e9quit\u00e9, de diversit\u00e9 et d\u2019inclusion<\/h2>\n<p>Amundsen Science comprend que les principes d&rsquo;\u00e9quit\u00e9, de diversit\u00e9 et d&rsquo;inclusion (\u00c9DI) englobe la repr\u00e9sentation de tous les \u00e2ges, de toutes les \u00e9tapes de la carri\u00e8re et de tous les statuts professionnels, de toutes les r\u00e9gions g\u00e9ographiques, de toutes les races, de tous les milieux nationaux, culturels et socio-\u00e9conomiques, de toutes les situations matrimoniales et familiales, de tous les genres, de toutes les identit\u00e9s de genre, de toutes les orientations sexuelles et de toutes les aptitudes physiques. Dans le cadre de notre engagement envers les principes d\u2019\u00c9DI, nous avons pour objectif de cultiver la conscience de la mani\u00e8re dont les hypoth\u00e8ses influencent nos interactions et nos prises de d\u00e9cision, tant \u00e0 l\u2019int\u00e9rieur de notre organisation qu&rsquo;\u00e0 l&rsquo;ext\u00e9rieur, et de d\u00e9velopper des strat\u00e9gies efficaces pour \u00e9liminer tout obstacle \u00e0 l&rsquo;\u00e9quit\u00e9 dans notre organisation, y compris en ce qui concerne l&rsquo;acc\u00e8s \u00e0 l&rsquo;installation.<\/p>\n<p>Nous nous sommes engag\u00e9s \u00e0 revoir nos pratiques et \u00e0 relever les d\u00e9fis de l&rsquo;EDI de plusieurs mani\u00e8res.<\/p>\n<\/div>\n        <\/div>\n        <div class=\"col\">\n            <a href=\"https:\/\/amundsenscience.com\/wp-content\/uploads\/2023\/11\/Amundsen-80-1920x1280.jpg\" data-fancybox data-caption=\"\">\n\n                <div class=\"block-image\">\n                    <div class=\"parallax-image\">\n                        <img decoding=\"async\" data-src=\"https:\/\/amundsenscience.com\/wp-content\/uploads\/2023\/11\/Amundsen-80-aspect-ratio-4-5-1400x1750.jpg\" alt=\"\" src=\"data:image\/svg+xml;base64,PHN2ZyB3aWR0aD0iMSIgaGVpZ2h0PSIxIiB4bWxucz0iaHR0cDovL3d3dy53My5vcmcvMjAwMC9zdmciPjwvc3ZnPg==\" class=\"lazyload\" style=\"--smush-placeholder-width: 1400px; --smush-placeholder-aspect-ratio: 1400\/1750;\">\n                    <\/div>\n                <\/div>\n            <\/a>\n        <\/div>\n    <\/div>\n\n<\/section>","protected":false},"excerpt":{"rendered":"","protected":false},"author":2,"featured_media":2718,"parent":0,"menu_order":31,"comment_status":"closed","ping_status":"closed","template":"","meta":{"_acf_changed":false,"footnotes":""},"class_list":["post-1680","page","type-page","status-publish","has-post-thumbnail","hentry"],"acf":[],"_links":{"self":[{"href":"https:\/\/amundsenscience.com\/fr\/wp-json\/wp\/v2\/pages\/1680","targetHints":{"allow":["GET"]}}],"collection":[{"href":"https:\/\/amundsenscience.com\/fr\/wp-json\/wp\/v2\/pages"}],"about":[{"href":"https:\/\/amundsenscience.com\/fr\/wp-json\/wp\/v2\/types\/page"}],"author":[{"embeddable":true,"href":"https:\/\/amundsenscience.com\/fr\/wp-json\/wp\/v2\/users\/2"}],"replies":[{"embeddable":true,"href":"https:\/\/amundsenscience.com\/fr\/wp-json\/wp\/v2\/comments?post=1680"}],"version-history":[{"count":0,"href":"https:\/\/amundsenscience.com\/fr\/wp-json\/wp\/v2\/pages\/1680\/revisions"}],"wp:featuredmedia":[{"embeddable":true,"href":"https:\/\/amundsenscience.com\/fr\/wp-json\/wp\/v2\/media\/2718"}],"wp:attachment":[{"href":"https:\/\/amundsenscience.com\/fr\/wp-json\/wp\/v2\/media?parent=1680"}],"curies":[{"name":"wp","href":"https:\/\/api.w.org\/{rel}","templated":true}]}}