{"id":1662,"date":"2023-10-14T21:10:02","date_gmt":"2023-10-15T01:10:02","guid":{"rendered":"https:\/\/treize.dev\/amundse\/?page_id=1662"},"modified":"2025-08-29T14:52:27","modified_gmt":"2025-08-29T18:52:27","slug":"a-propos","status":"publish","type":"page","link":"https:\/\/amundsenscience.com\/fr\/a-propos\/","title":{"rendered":"\u00c0 propos"},"content":{"rendered":"\r\n    \r\n    <section class=\"block-hero-cover hero-cover-frame-lines\">\r\n\r\n                    <div class=\"parallax-hero-image darken cover\">\r\n                <img decoding=\"async\" class=\"lazyload\" src=\"https:\/\/amundsenscience.com\/wp-content\/uploads\/2023\/11\/Gravity_01-1920x1013.jpg\" data-src=\"https:\/\/amundsenscience.com\/wp-content\/uploads\/2023\/11\/Gravity_01-1920x1013.jpg\" alt=\"\">\r\n            <\/div>\r\n        \r\n        <div class=\"hero-intro-content inline-pad\">\r\n\r\n            <h1 class=\"headline reveal-animation text-color-white\">\u00c0 propos<\/h1>\r\n\r\n            \r\n        <\/div>\r\n\r\n    <\/section>\r\n\r\n\n\n\n<section class=\"block-text-image inline-pad block-pad \">\n\n    <div class=\"grid \">\n        <div class=\"col gap-right-small\">\n                <span class=\"surtitle-label\">Notre organisation<\/span>\n            <div class=\"text-area wysiwyg\"><h2>Un partenaire de recherche pour vos projets en Arctique<\/h2>\n<p>Amundsen Science est l\u2019organisme \u00e0 but non-lucratif responsable du mandat scientifique du brise-glace de recherche NGCC <em>Amundsen<\/em>. Fonctionnant en grande partie gr\u00e2ce au financement octroy\u00e9 par la Fondation canadienne pour l\u2019innovation \u00e0 l\u2019Universit\u00e9 Laval, Amundsen Science coordonne les exp\u00e9ditions scientifiques du brise-glace,en collaboration avec la garde c\u00f4ti\u00e8re canadienne, g\u00e8re et entretient le parc d\u2019\u00e9quipements scientifiques du navire en plus de fournir un support financier, technique et \u00e0 la logistique pour la communaut\u00e9 usag\u00e8re du programme scientifique.<\/p>\n<p><a href=\"https:\/\/amundsenscience.com\/wp-content\/uploads\/2023\/11\/AmundsenScience_Plan-Strat_-21_25_SPg_Fr_1120922.pdf\">Consultez notre Plan strat\u00e9gique 2021-2025<\/a><\/p>\n<p><span style=\"font-weight: 400;\">Douze universit\u00e9s ainsi que deux coll\u00e8ges arctiques font partie du consortium Amundsen Science, mais la communaut\u00e9 usag\u00e8re comprend, quant \u00e0 elle, plus de 125 institutions et organisations nationales et internationales. Le Conseil d&rsquo;administration et divers comit\u00e9s sont activement impliqu\u00e9s dans la gouvernance g\u00e9n\u00e9rale de l&rsquo;organisation.\u00a0<\/span><\/p>\n<p><a href=\"https:\/\/amundsenscience.com\/fr\/a-propos\/gouvernance\/\" class=\"cta-main\"><span><span data-name=\"En savoir plus sur la gouvernance\">En savoir plus sur la gouvernance<\/span><\/span><\/a><\/p>\n<\/div>\n        <\/div>\n        <div class=\"col\">\n            <a href=\"https:\/\/amundsenscience.com\/wp-content\/uploads\/2023\/11\/DSC_5180-1920x1280.jpg\" data-fancybox data-caption=\"\">\n\n                <div class=\"block-image\">\n                    <div class=\"parallax-image\">\n                        <img decoding=\"async\" data-src=\"https:\/\/amundsenscience.com\/wp-content\/uploads\/2023\/11\/DSC_5180-aspect-ratio-4-5-1400x1750.jpg\" alt=\"\" src=\"data:image\/svg+xml;base64,PHN2ZyB3aWR0aD0iMSIgaGVpZ2h0PSIxIiB4bWxucz0iaHR0cDovL3d3dy53My5vcmcvMjAwMC9zdmciPjwvc3ZnPg==\" class=\"lazyload\" style=\"--smush-placeholder-width: 1400px; --smush-placeholder-aspect-ratio: 1400\/1750;\">\n                    <\/div>\n                <\/div>\n            <\/a>\n        <\/div>\n    <\/div>\n\n<\/section>\n\n\n<section class=\"block-text-image inline-pad block-pad \">\n\n    <div class=\"grid reverse\">\n        <div class=\"col gap-right-small\">\n                        <div class=\"text-area wysiwyg\"><h4>Notre mission<\/h4>\n<p>Nous nous engageons \u00e0 fournir un acc\u00e8s \u00e9quitable \u00e0 un brise-glace de recherche \u00e0 la fine pointe de la technologie afin de recueillir les donn\u00e9es et les observations qui \u00e9claireront les d\u00e9cisions sur les questions environnementales, \u00e9conomiques et soci\u00e9tales d\u2019importance strat\u00e9gique pour le Canada.<\/p>\n<h4>Notre vision<\/h4>\n<p>Nous visons \u00e0 positionner le Canada en tant que chef de file mondial dans l\u2019exploration scientifique multidisciplinaire et internationale de l\u2019oc\u00e9an Arctique en \u00e9volution, avec pour objectif principal d\u2019informer quant au d\u00e9veloppement durable de l\u2019Arctique.<\/p>\n<h4>Nos principes directeurs<\/h4>\n<p>Nous nous consacrons \u00e0 :<\/p>\n<ul>\n<li>Acqu\u00e9rir plus de connaissances pour la population canadienne;<\/li>\n<li>Permettre l\u2019excellence dans la recherche et la formation;<\/li>\n<li>D\u00e9montrer l\u2019excellence organisationnelle et la prise de conscience de l\u2019impact des biais inconscients sur nos d\u00e9cisions.<\/li>\n<\/ul>\n<\/div>\n        <\/div>\n        <div class=\"col\">\n            <a href=\"https:\/\/amundsenscience.com\/wp-content\/uploads\/2023\/11\/Amundsen-23-1920x1280.jpg\" data-fancybox data-caption=\"\">\n\n                <div class=\"block-image\">\n                    <div class=\"parallax-image\">\n                        <img decoding=\"async\" data-src=\"https:\/\/amundsenscience.com\/wp-content\/uploads\/2023\/12\/Amundsen-23-aspect-ratio-4-5-1400x1750.jpg\" alt=\"\" src=\"data:image\/svg+xml;base64,PHN2ZyB3aWR0aD0iMSIgaGVpZ2h0PSIxIiB4bWxucz0iaHR0cDovL3d3dy53My5vcmcvMjAwMC9zdmciPjwvc3ZnPg==\" class=\"lazyload\" style=\"--smush-placeholder-width: 1400px; --smush-placeholder-aspect-ratio: 1400\/1750;\">\n                    <\/div>\n                <\/div>\n            <\/a>\n        <\/div>\n    <\/div>\n\n<\/section>\n\n\r\n<section id=\"equipe\" class=\"inline-pad block-pad bg-dark\">\r\n        <span class=\"surtitle-label\">Notre \u00e9quipe<\/span>\n\r\n    <div class=\"section-header\">\r\n        <div class=\"text-area wysiwyg\"><h2>Une \u00e9quipe d\u00e9vou\u00e9e \u00e0 la science et hautement qualifi\u00e9e<\/h2>\n<\/div>\r\n    <\/div>\r\n\r\n    \r\n\r\n    <div class=\"team-member-items\">\r\n                                                                                                                                                                    \r\n            \r\n                                <span class=\"team-member-item\">\r\n                    <div class=\"parallax-image\">\r\n                        <img decoding=\"async\" class=\"lazyload\" src=\"https:\/\/amundsenscience.com\/wp-content\/uploads\/2023\/11\/DSC_5063-aspect-ratio-4-5-819x1024.jpg\" data-src=\"https:\/\/amundsenscience.com\/wp-content\/uploads\/2023\/11\/DSC_5063-aspect-ratio-4-5-819x1024.jpg\" alt=\"Image of Alexandre Forest\">\r\n                    <\/div>\r\n                    <div class=\"profile-details board-member\">\r\n                        <h4 class=\"name\">Alexandre Forest<\/h4>\r\n                                                    <div class=\"role\">Directeur ex\u00e9cutif et des op\u00e9rations<\/div>\r\n                                            <\/div>\r\n                <\/span>\r\n            \r\n\r\n\r\n                                                                                                                                    <\/div>\r\n\r\n\r\n<\/section>\n\n<section class=\"inline-pad block-pad\">\n\n    <div class=\"banner-cta\">\n        <div class=\"banner-cta-content text-area inline-pad\">\n            <span class=\"surtitle-label white\">Nos opportunit\u00e9s d&#8217;emploi<\/span>\n            <div class=\"text-area wysiwyg\"><h2>Faites partie de notre \u00e9quipe<\/h2>\n<p><a href=\"https:\/\/amundsenscience.com\/fr\/carrieres\/\" class=\"cta-main\"><span><span data-name=\"D\u00e9couvrez nos opportunit\u00e9s d\u2019emploi\">D\u00e9couvrez nos opportunit\u00e9s d\u2019emploi<\/span><\/span><\/a><\/p>\n<\/div>\n        <\/div>\n        <div class=\"parallax-image cover darken aspect-ratio-wide\">\n            <img decoding=\"async\" class=\"lazyload\" src=\"https:\/\/amundsenscience.com\/wp-content\/uploads\/2023\/11\/DSC_5079-150x84.jpg\" data-src=\"https:\/\/amundsenscience.com\/wp-content\/uploads\/2023\/11\/DSC_5079-1920x1080.jpg\" alt=\"\">\n        <\/div>\n    <\/div>\n\n<\/section>\n\n\n<section class=\"inline-pad block-pad-top-large block-pad-bottom-large \">\n        <span class=\"surtitle-label\">Notre histoire<\/span>\n\n            <div class=\"section-header\">\n            <div class=\"text-area wysiwyg\"><h2>Un acc\u00e8s sans pr\u00e9c\u00e9dent \u00e0 l&rsquo;oc\u00e9an Arctique<\/h2>\n<\/div>\n                            <a href=\"https:\/\/amundsenscience.com\/fr\/explorez-le-brise-glace\/\" class=\"cta-main\"><span><span data-name=\"En savoir plus\">En savoir plus<\/span><\/span><\/a>\n                    <\/div>\n        <div class=\"timeline\">\n                                <div class=\"swiper portrait\">\n\n                <div class=\"swiper-wrapper\">\n                    \n                        \n                        <div class=\"swiper-slide first-slide\">\n                            <div class=\"col\">\n                                <div class=\"date subtitle\">2024+<\/div>\n                                <h4 class=\"step-name\">Regard vers l\u2019avenir<\/h4>\n                                <div class=\"description\"><p>Gr\u00e2ce au soutien continu de la Garde c\u00f4ti\u00e8re canadienne et de la Fondation canadienne pour l&rsquo;innovation (FCI) par le biais du Fonds des initiatives scientifiques majeures (MSI), le NGCC <em>Amundsen<\/em> est devenu le navire de recherche le plus important au Canada, soutenant un nombre croissant de programmes de recherche multidisciplinaires. \u00c9tant donn\u00e9 que le brise-glace, \u00e2g\u00e9 de 45 ans, vieillit et que les p\u00e9riodes d&rsquo;entretien augmentent, nous visons \u00e0 pr\u00e9server la capacit\u00e9 de recherche du Canada \u00e0 \u00e9tudier les mers couvertes de glace en poursuivant nos efforts pour inciter les autorit\u00e9s du gouvernement f\u00e9d\u00e9ral \u00e0 \u00e9laborer un plan de remplacement du NGCC <em>Amundsen<\/em> par la construction d&rsquo;un premier brise-glace de recherche moderne sp\u00e9cialement con\u00e7u pour le Canada.<\/p>\n<\/div>\n                            <\/div>\n                            <div class=\"col\">\n                                <a href=\"https:\/\/amundsenscience.com\/wp-content\/uploads\/2023\/11\/Amundsen-3-1024x683.jpg\" data-fancybox=\"gallery\" data-caption=\"\">\n                                    <div class=\"block-image\">\n                                                                                    <div class=\"parallax-imagex\">\n                                                <img decoding=\"async\" data-src=\"https:\/\/amundsenscience.com\/wp-content\/uploads\/2023\/11\/Amundsen-3-aspect-ratio-4-5-1-819x1024.jpg\" alt=\"\" src=\"data:image\/svg+xml;base64,PHN2ZyB3aWR0aD0iMSIgaGVpZ2h0PSIxIiB4bWxucz0iaHR0cDovL3d3dy53My5vcmcvMjAwMC9zdmciPjwvc3ZnPg==\" class=\"lazyload\" style=\"--smush-placeholder-width: 819px; --smush-placeholder-aspect-ratio: 819\/1024;\">\n                                            <\/div>\n                                                                            <\/div>\n                                <\/a>\n                            <\/div>\n                        <\/div>\n                    \n                        \n                        <div class=\"swiper-slide \">\n                            <div class=\"col\">\n                                <div class=\"date subtitle\">2022-2023<\/div>\n                                <h4 class=\"step-name\">D\u00e9but d&rsquo;un nouveau cycle<\/h4>\n                                <div class=\"description\"><p>Une mise en cale s\u00e8che dans le but de prolonger la dur\u00e9e de vie du navire a r\u00e9duit la saison scientifique et limit\u00e9 le nombre de jours disponibles en mer pour l&rsquo;exp\u00e9dition <em>Amundsen<\/em> 2022. N\u00e9anmoins, les efforts investis dans la modernisation de plusieurs syst\u00e8mes ont permis d&rsquo;ajouter au moins 15 ann\u00e9es suppl\u00e9mentaires de dur\u00e9e de vie op\u00e9rationnelle. Le financement de l&rsquo;<em>Amundsen<\/em> par le fonds CFI-MSI a \u00e9t\u00e9 renouvel\u00e9 en 2023 pour 6 ann\u00e9es suppl\u00e9mentaires. Cet investissement majeur permettra \u00e0 la communaut\u00e9 canadienne de recherche sur l&rsquo;Arctique de conserver sa position de chef de file mondial. Le soutien financier facilitera l&rsquo;acc\u00e8s \u00e0 l&rsquo;<em>Amundsen<\/em> pour la communaut\u00e9 scientifique canadienne et internationale, consolidera l&rsquo;expertise technique et contribuera \u00e0 \u00e9tendre et \u00e0 maintenir le parc d&rsquo;\u00e9quipements scientifiques \u00e0 bord du navire.<\/p>\n<\/div>\n                            <\/div>\n                            <div class=\"col\">\n                                <a href=\"https:\/\/amundsenscience.com\/wp-content\/uploads\/2023\/11\/DSC_2467-683x1024.jpg\" data-fancybox=\"gallery\" data-caption=\"\">\n                                    <div class=\"block-image\">\n                                                                                    <div class=\"parallax-imagex\">\n                                                <img decoding=\"async\" data-src=\"https:\/\/amundsenscience.com\/wp-content\/uploads\/2023\/11\/DSC_2467-rotated-aspect-ratio-4-5-819x1024.jpg\" alt=\"\" src=\"data:image\/svg+xml;base64,PHN2ZyB3aWR0aD0iMSIgaGVpZ2h0PSIxIiB4bWxucz0iaHR0cDovL3d3dy53My5vcmcvMjAwMC9zdmciPjwvc3ZnPg==\" class=\"lazyload\" style=\"--smush-placeholder-width: 819px; --smush-placeholder-aspect-ratio: 819\/1024;\">\n                                            <\/div>\n                                                                            <\/div>\n                                <\/a>\n                            <\/div>\n                        <\/div>\n                    \n                        \n                        <div class=\"swiper-slide \">\n                            <div class=\"col\">\n                                <div class=\"date subtitle\">2020-2021<\/div>\n                                <h4 class=\"step-name\">Impacts de la pand\u00e9mie COVID-19<\/h4>\n                                <div class=\"description\"><p>La pand\u00e9mie de la COVID-19 a entra\u00een\u00e9 des d\u00e9fis sans pr\u00e9c\u00e9dent pour , tels que l&rsquo;impossibilit\u00e9 de mener des recherches dans l&rsquo;Arctique en 2020 en raison des mesures de confinement et des risques persistants en 2021. Malgr\u00e9 ces contraintes, une exp\u00e9dition scientifique avec un nombre limit\u00e9 de personne a \u00e9t\u00e9 mise en oeuvre en 2020 dans le subarctique canadien, tandis qu&rsquo;une exp\u00e9dition de 122 jours avec des postes d&rsquo;amarrage presque \u00e0 pleine capacit\u00e9 s&rsquo;est d\u00e9roul\u00e9e sans probl\u00e8me dans l&rsquo;ensemble de l&rsquo;Arctique canadien en 2021. Des mesures d&rsquo;att\u00e9nuation ont \u00e9t\u00e9 mises en \u0153uvre \u00e0 la fois sur le navire et dans les zones hors du navire o\u00f9 le personnel \u00e9tait actif, ce qui a permis \u00e0 l&rsquo;\u00e9quipe de planification de s&rsquo;appuyer sur ces enseignements. En ces temps difficiles, notre organisation a pu maintenir et d\u00e9velopper ses capacit\u00e9s en mati\u00e8re de ressources administratives et techniques, d&rsquo;entretien et de mise \u00e0 niveau des \u00e9quipements, de r\u00e9parations visant \u00e0 prolonger la dur\u00e9e de vie du navire et d&rsquo;engagement efficace aupr\u00e8s de la communaut\u00e9 usag\u00e8re et des parties prenantes.<\/p>\n<\/div>\n                            <\/div>\n                            <div class=\"col\">\n                                <a href=\"https:\/\/amundsenscience.com\/wp-content\/uploads\/2023\/11\/570_\u00a9Martin-Fortier-ArcticNet-1024x685.jpg\" data-fancybox=\"gallery\" data-caption=\"SONY DSC\">\n                                    <div class=\"block-image\">\n                                                                                    <div class=\"parallax-imagex\">\n                                                <img decoding=\"async\" data-src=\"https:\/\/amundsenscience.com\/wp-content\/uploads\/2023\/11\/570_\u00a9Martin-Fortier-ArcticNet-aspect-ratio-4-5-2-819x1024.jpg\" alt=\"SONY DSC\" src=\"data:image\/svg+xml;base64,PHN2ZyB3aWR0aD0iMSIgaGVpZ2h0PSIxIiB4bWxucz0iaHR0cDovL3d3dy53My5vcmcvMjAwMC9zdmciPjwvc3ZnPg==\" class=\"lazyload\" style=\"--smush-placeholder-width: 819px; --smush-placeholder-aspect-ratio: 819\/1024;\">\n                                            <\/div>\n                                                                            <\/div>\n                                <\/a>\n                            <\/div>\n                        <\/div>\n                    \n                        \n                        <div class=\"swiper-slide \">\n                            <div class=\"col\">\n                                <div class=\"date subtitle\">2018-2019<\/div>\n                                <h4 class=\"step-name\">Diversification<\/h4>\n                                <div class=\"description\"><p>Un changement dans la formule de financement de la FCI-ISM allou\u00e9e \u00e0 l&rsquo;<em>Amundsen<\/em> et \u00e0 d&rsquo;autres infrastructures de recherche nationales en 2017 a permis d&rsquo;ajouter 19,6 millions de dollars et une sixi\u00e8me ann\u00e9e de financement pour l&rsquo;exploitation scientifique et la maintenance du navire. Ce changement extr\u00eamement b\u00e9n\u00e9fique a \u00e9t\u00e9 recommand\u00e9 par le rapport Naylor sur la science fondamentale et a permis une diversification sans pr\u00e9c\u00e9dent des projets scientifiques \u00e0 bord et une am\u00e9lioration du soutien technique pour le d\u00e9ploiement du vaste parc d&rsquo;\u00e9quipements du navire. Ainsi, des exp\u00e9ditions scientifiques opportunistes sur la Voie maritime du Saint-Laurent pour le programme Odyss\u00e9e Saint-Laurent du R\u00e9seau Qu\u00e9bec Maritime ont \u00e9t\u00e9 organis\u00e9es durant l&rsquo;hiver pour la premi\u00e8re fois depuis 2003. Gr\u00e2ce \u00e0 ce financement suppl\u00e9mentaire, un nouveau v\u00e9hicule sous-marin t\u00e9l\u00e9guid\u00e9 a \u00e9t\u00e9 acquis pour explorer l&rsquo;\u00e9cosyst\u00e8me des fonds marins de l&rsquo;Arctique et plusieurs am\u00e9liorations ont \u00e9t\u00e9 apport\u00e9es aux sonars mont\u00e9s sur la coque du navire afin d&rsquo;accro\u00eetre la qualit\u00e9 et la quantit\u00e9 des donn\u00e9es.<\/p>\n<\/div>\n                            <\/div>\n                            <div class=\"col\">\n                                <a href=\"https:\/\/amundsenscience.com\/wp-content\/uploads\/2023\/11\/ROVsaguenay-1024x683.jpg\" data-fancybox=\"gallery\" data-caption=\"\">\n                                    <div class=\"block-image\">\n                                                                                    <div class=\"parallax-imagex\">\n                                                <img decoding=\"async\" data-src=\"https:\/\/amundsenscience.com\/wp-content\/uploads\/2023\/11\/ROVsaguenay-aspect-ratio-4-5-2-819x1024.jpg\" alt=\"\" src=\"data:image\/svg+xml;base64,PHN2ZyB3aWR0aD0iMSIgaGVpZ2h0PSIxIiB4bWxucz0iaHR0cDovL3d3dy53My5vcmcvMjAwMC9zdmciPjwvc3ZnPg==\" class=\"lazyload\" style=\"--smush-placeholder-width: 819px; --smush-placeholder-aspect-ratio: 819\/1024;\">\n                                            <\/div>\n                                                                            <\/div>\n                                <\/a>\n                            <\/div>\n                        <\/div>\n                    \n                        \n                        <div class=\"swiper-slide \">\n                            <div class=\"col\">\n                                <div class=\"date subtitle\">2017<\/div>\n                                <h4 class=\"step-name\">Succ\u00e8s et d\u00e9fis<\/h4>\n                                <div class=\"description\"><p>La FCI injecte un montant de 18,2 millions de dollars afin de soutenir les activit\u00e9s scientifiques de l\u2019<em>Amundsen<\/em> pour les cinq prochaines ann\u00e9es. En juin, le premier segment de l\u2019exp\u00e9dition 2017, d\u00e9di\u00e9 au programme BaySys dans la baie d\u2019Hudson, est annul\u00e9 d\u00fb aux conditions de glace inhabituelle proche des c\u00f4tes de Terre-Neuve. \u00c0 la fin de cet \u00e9t\u00e9, l\u2019enqu\u00eate sant\u00e9 inuit Qanuilirpitaa? (Comment allons-nous maintenant) est lanc\u00e9 . Ce projet de grande ampleur fait suite \u00e0 l\u2019enqu\u00eate de 2004 Qanuippitaa? et permet la compilation de multitude de donn\u00e9es qui serviront \u00e0 am\u00e9liorer la sant\u00e9 et le bien-\u00eatre des communaut\u00e9s du Nunavimmiut en collaboration avec celles-ci.<\/p>\n<\/div>\n                            <\/div>\n                            <div class=\"col\">\n                                <a href=\"https:\/\/amundsenscience.com\/wp-content\/uploads\/2023\/11\/IMG_6206-Share-1024x683.jpg\" data-fancybox=\"gallery\" data-caption=\"\">\n                                    <div class=\"block-image\">\n                                                                                    <div class=\"parallax-imagex\">\n                                                <img decoding=\"async\" data-src=\"https:\/\/amundsenscience.com\/wp-content\/uploads\/2023\/11\/IMG_6206-Share-aspect-ratio-4-5-1-819x1024.jpg\" alt=\"\" src=\"data:image\/svg+xml;base64,PHN2ZyB3aWR0aD0iMSIgaGVpZ2h0PSIxIiB4bWxucz0iaHR0cDovL3d3dy53My5vcmcvMjAwMC9zdmciPjwvc3ZnPg==\" class=\"lazyload\" style=\"--smush-placeholder-width: 819px; --smush-placeholder-aspect-ratio: 819\/1024;\">\n                                            <\/div>\n                                                                            <\/div>\n                                <\/a>\n                            <\/div>\n                        <\/div>\n                    \n                        \n                        <div class=\"swiper-slide \">\n                            <div class=\"col\">\n                                <div class=\"date subtitle\">2016<\/div>\n                                <h4 class=\"step-name\">De nouveaux projets significatifs<\/h4>\n                                <div class=\"description\"><p>Gr\u00e2ce aux multiples nouveaux projets d\u2019envergure men\u00e9s par diverses institutions de recherche, Amundsen Science a connu une ann\u00e9e 2016 fructueuse. Le programme innovant Green Edge qui a \u00e9t\u00e9 r\u00e9alis\u00e9 dans la baie de Baffin a rassembl\u00e9 des experts internationaux en optique marine et en \u00e9cologie afin de mieux comprendre l&rsquo;efflorescence printani\u00e8re du phytoplancton et en pr\u00e9dire sa variabilit\u00e9 dans l\u2019oc\u00e9an Arctique de demain. Parmi les autres projets soutenus cette m\u00eame ann\u00e9e figuraient l&rsquo;\u00e9tude des \u00e9cosyst\u00e8mes marins de la r\u00e9gion de Kitikmeot, l&rsquo;observatoire int\u00e9gr\u00e9 de Beaufort (iBO) parrain\u00e9 par le Fonds de recherche pour l&rsquo;\u00e9tude de l&rsquo;environnement, et un projet consacr\u00e9 \u00e0 l&rsquo;\u00e9cologie des for\u00eats coralliennes d&rsquo;eau profonde dans la mer du Labrador et la baie de Baffin.<\/p>\n<\/div>\n                            <\/div>\n                            <div class=\"col\">\n                                <a href=\"https:\/\/amundsenscience.com\/wp-content\/uploads\/2023\/11\/0088_@Keith-Levesque-ArcticNet-1024x685.jpg\" data-fancybox=\"gallery\" data-caption=\"\">\n                                    <div class=\"block-image\">\n                                                                                    <div class=\"parallax-imagex\">\n                                                <img decoding=\"async\" data-src=\"https:\/\/amundsenscience.com\/wp-content\/uploads\/2023\/11\/0088_@Keith-Levesque-ArcticNet-aspect-ratio-4-5-819x1024.jpg\" alt=\"\" src=\"data:image\/svg+xml;base64,PHN2ZyB3aWR0aD0iMSIgaGVpZ2h0PSIxIiB4bWxucz0iaHR0cDovL3d3dy53My5vcmcvMjAwMC9zdmciPjwvc3ZnPg==\" class=\"lazyload\" style=\"--smush-placeholder-width: 819px; --smush-placeholder-aspect-ratio: 819\/1024;\">\n                                            <\/div>\n                                                                            <\/div>\n                                <\/a>\n                            <\/div>\n                        <\/div>\n                                    <\/div>\n\n            \n            <\/div>\n            <div class=\"swiper-controls\">\n                <div class=\"progress-pagination\"><span><\/span><\/div>\n                <div class=\"swiper-button-prev\"><\/div>\n                <div class=\"swiper-button-next\"><\/div>\n            <\/div>\n    <\/div>\n\n<\/section>","protected":false},"excerpt":{"rendered":"","protected":false},"author":2,"featured_media":1915,"parent":0,"menu_order":9,"comment_status":"closed","ping_status":"closed","template":"page-about.php","meta":{"_acf_changed":false,"footnotes":""},"class_list":["post-1662","page","type-page","status-publish","has-post-thumbnail","hentry"],"acf":[],"_links":{"self":[{"href":"https:\/\/amundsenscience.com\/fr\/wp-json\/wp\/v2\/pages\/1662","targetHints":{"allow":["GET"]}}],"collection":[{"href":"https:\/\/amundsenscience.com\/fr\/wp-json\/wp\/v2\/pages"}],"about":[{"href":"https:\/\/amundsenscience.com\/fr\/wp-json\/wp\/v2\/types\/page"}],"author":[{"embeddable":true,"href":"https:\/\/amundsenscience.com\/fr\/wp-json\/wp\/v2\/users\/2"}],"replies":[{"embeddable":true,"href":"https:\/\/amundsenscience.com\/fr\/wp-json\/wp\/v2\/comments?post=1662"}],"version-history":[{"count":0,"href":"https:\/\/amundsenscience.com\/fr\/wp-json\/wp\/v2\/pages\/1662\/revisions"}],"wp:featuredmedia":[{"embeddable":true,"href":"https:\/\/amundsenscience.com\/fr\/wp-json\/wp\/v2\/media\/1915"}],"wp:attachment":[{"href":"https:\/\/amundsenscience.com\/fr\/wp-json\/wp\/v2\/media?parent=1662"}],"curies":[{"name":"wp","href":"https:\/\/api.w.org\/{rel}","templated":true}]}}