{"id":1648,"date":"2023-10-14T17:01:26","date_gmt":"2023-10-14T21:01:26","guid":{"rendered":"https:\/\/treize.dev\/amundse\/?page_id=1648"},"modified":"2026-03-27T14:25:36","modified_gmt":"2026-03-27T18:25:36","slug":"accueil","status":"publish","type":"page","link":"https:\/\/amundsenscience.com\/fr\/","title":{"rendered":"Accueil"},"content":{"rendered":"\r\n    \r\n    <section class=\"block-hero-cover hero-cover-frame-lines\">\r\n\r\n                    <div class=\"parallax-hero-video darken\">\r\n\r\n                <video class=\"no-lazy\" preload=\"none\" autoplay muted playsinline loop>\r\n                    <source src=\"https:\/\/amundsenscience.com\/wp-content\/uploads\/2023\/12\/home_loop-1.mp4\" type=\"video\/mp4\">\r\n                <\/video>\r\n                <img decoding=\"async\" class=\"video-fallback no-lazy\" src=\"https:\/\/amundsenscience.com\/wp-content\/uploads\/2023\/12\/IMG_6683_Alex-640x960.jpg\" alt=\"\">\r\n            <\/div>\r\n        \r\n        <div class=\"hero-intro-content inline-pad\">\r\n\r\n            <h1 class=\"headline reveal-animation text-color-white\">Amundsen Science,<br \/>\r\npartenaire de recherche <\/h1>\r\n\r\n                            <div class=\"fetch-full-video\">\r\n                    <a href=\"https:\/\/vimeo.com\/687136850\/e92694d592\" data-fancybox=\"video\" class=\"play-btn\"><\/a>\r\n                    <div class=\"data text-color-white\">\r\n                        <span>Regarder la vid\u00e9o<\/span>\r\n                        <span class=\"duration\">(2M7S)<\/span>\r\n                    <\/div>\r\n                <\/div>\r\n            \r\n        <\/div>\r\n\r\n    <\/section>\r\n\r\n\n\n\n<section class=\"block-text-image inline-pad block-pad \">\n\n    <div class=\"grid \">\n        <div class=\"col gap-right-small\">\n                <span class=\"surtitle-label\">Amundsen Science<\/span>\n            <div class=\"text-area wysiwyg\"><h2>Un partenaire de recherche pour vos projets en Arctique<\/h2>\n<p><span style=\"font-weight: 400;\">Amundsen Science est responsable de la gestion du mandat scientifique du NGCC <\/span><i><span style=\"font-weight: 400;\">Amundsen<\/span><\/i><span style=\"font-weight: 400;\">, un brise-glace canadien d\u00e9di\u00e9 \u00e0 la recherche scientifique. Chaque ann\u00e9e, Amundsen Science soutient la mise en \u0153uvre de programmes de recherche novateurs et multidisciplinaires qui \u00e9tudient certains des d\u00e9fis les plus pressants de notre \u00e9poque. Notre organisation s&rsquo;engage \u00e0 offrir un acc\u00e8s \u00e9quitable au brise-glace de recherche, \u00e0 son parc d&rsquo;\u00e9quipements scientifiques de pointe et \u00e0 ses vastes ensembles de donn\u00e9es.<\/span><\/p>\n<p><a href=\"https:\/\/amundsenscience.com\/fr\/a-propos\/\" class=\"cta-main\"><span><span data-name=\"En savoir plus\">En savoir plus<\/span><\/span><\/a><\/p>\n<\/div>\n        <\/div>\n        <div class=\"col\">\n            <a href=\"https:\/\/amundsenscience.com\/wp-content\/uploads\/2024\/02\/benthic-Copie-1920x2880.jpg\" data-fancybox data-caption=\"\">\n\n                <div class=\"block-image\">\n                    <div class=\"parallax-image\">\n                        <img decoding=\"async\" data-src=\"https:\/\/amundsenscience.com\/wp-content\/uploads\/2024\/02\/benthic-Copie-aspect-ratio-4-5-1-1400x1750.jpg\" alt=\"\" src=\"data:image\/svg+xml;base64,PHN2ZyB3aWR0aD0iMSIgaGVpZ2h0PSIxIiB4bWxucz0iaHR0cDovL3d3dy53My5vcmcvMjAwMC9zdmciPjwvc3ZnPg==\" class=\"lazyload\" style=\"--smush-placeholder-width: 1400px; --smush-placeholder-aspect-ratio: 1400\/1750;\">\n                    <\/div>\n                <\/div>\n            <\/a>\n        <\/div>\n    <\/div>\n\n<\/section>\n\n\n    <section data-scroll-section data-dark-section class=\"image-3d white-frame-lines\">\n        <canvas class=\"three-js-animation\" data-image-url=\"https:\/\/amundsenscience.com\/wp-content\/uploads\/2023\/12\/Photo-29-juillet-7-smaller-1.jpg\"><\/canvas>\n            <div class=\"inline-pad accelerometer-wrapper wrapper\">\n        <div class=\"accelerometer js-accelerometer\">\n            <div class=\"accelerometer__arrow js-arrow-accelerometer\"><\/div>\n            <div class='accelerometer__ruler'>\n                                    <div class='cm'>\n                                                    <div class='mm'><\/div>\n                                                    <div class='mm'><\/div>\n                                                    <div class='mm'><\/div>\n                                                    <div class='mm'><\/div>\n                                                    <div class='mm'><\/div>\n                                                    <div class='mm'><\/div>\n                                                    <div class='mm'><\/div>\n                                                    <div class='mm'><\/div>\n                                            <\/div>\n                                    <div class='cm'>\n                                                    <div class='mm'><\/div>\n                                                    <div class='mm'><\/div>\n                                                    <div class='mm'><\/div>\n                                                    <div class='mm'><\/div>\n                                                    <div class='mm'><\/div>\n                                                    <div class='mm'><\/div>\n                                                    <div class='mm'><\/div>\n                                                    <div class='mm'><\/div>\n                                            <\/div>\n                                <div class='cm'><\/div>\n            <\/div>\n        <\/div>\n    <\/div>                    <div class=\"filter\"><\/div>\n            <div class=\"wrapper\">\n                <div class=\"text\">\n                                            <p class=\"surtitle-label white\">L\u2019exp\u00e9dition annuelle Amundsen <\/p>\n                                                                <h2 class=\"white\">L&rsquo;exp\u00e9dition Amundsen 2025 est termin\u00e9e!<\/h2>\n                                        <a href=\"https:\/\/amundsenscience.com\/fr\/decouvrez-expeditions\/\" class=\"cta-main white\" target=\"\">\n    <span><span data-name=\"Restez \u00e0 l'aff\u00fbt pour le r\u00e9sum\u00e9 d'exp\u00e9dition\">Restez \u00e0 l&rsquo;aff\u00fbt pour le r\u00e9sum\u00e9 d&rsquo;exp\u00e9dition<\/span><\/span>\n<\/a>                <\/div>\n            <\/div>\n            <\/section>\n\n\n\n    <section class=\"inline-pad block-pad-top-small block-pad-bottom-small \">\n\n            <span class=\"surtitle-label\">Science, nouvelles et \u00e9v\u00e9nements<\/span>\n\n        <div class=\"section-header\">\n            <div class=\"text-area wysiwyg\"><div class=\"text-area\">\n<h2>Nos activit\u00e9s scientifiques en vedette<\/h2>\n<\/div>\n<h2><\/h2>\n<\/div>\n                            <a href=\"https:\/\/amundsenscience.com\/fr\/science-a-bord\" class=\"cta-main\"><span><span data-name=\"Plus de publications\">Plus de publications<\/span><\/span><\/a>\n                    <\/div>\n\n        <div class=\"teaser-items blog inline\">\n\n        \n                \n                                            \n                        <a href=\"https:\/\/amundsenscience.com\/fr\/nouvelle\/la-perspective-dune-artiste-a-bord-de-lamundsen-audrey-hurd\/\" class=\"teaser-item teaser-item-0\">\n                            <div class=\"parallax-image\">\n                                <img decoding=\"async\" class=\"lazyload\" src=\"https:\/\/amundsenscience.com\/wp-content\/uploads\/2026\/03\/DSC_6152-150x132.png\" data-src=\"https:\/\/amundsenscience.com\/wp-content\/uploads\/2026\/03\/DSC_6152-1024x901.png\" alt=\"La perspective d\u2019une artiste \u00e0 bord de l\u2019Amundsen: Audrey Hurd\">\n                            <\/div>\n                                                        <div class=\"meta-data\">\n                                                                    <span class=\"cat-label subtitle\">Nouvelles<\/span>\n                                                                <span class=\"date subtitle\">24 mars 2026<\/span>\n                            <\/div>\n                            <h5 class=\"title\">La perspective d\u2019une artiste \u00e0 bord de l\u2019Amundsen: Audrey Hurd<\/h5>\n                        <\/a>\n\n\n                                            \n                        <a href=\"https:\/\/amundsenscience.com\/fr\/nouvelles-scientifiques\/saison-1-de-passages-episodes-1-a-11\/\" class=\"teaser-item teaser-item-1\">\n                            <div class=\"parallax-image\">\n                                <img decoding=\"async\" class=\"lazyload\" src=\"https:\/\/amundsenscience.com\/wp-content\/uploads\/2026\/01\/Page-couverture-saison-1-150x150.png\" data-src=\"https:\/\/amundsenscience.com\/wp-content\/uploads\/2026\/01\/Page-couverture-saison-1-1024x1024.png\" alt=\"Saison 1 de Passages (\u00c9pisodes 1 \u00e0 11)\">\n                            <\/div>\n                                                        <div class=\"meta-data\">\n                                                                    <span class=\"cat-label subtitle\">Nouvelles scientifiques<\/span>\n                                                                <span class=\"date subtitle\">5 f\u00e9vrier 2026<\/span>\n                            <\/div>\n                            <h5 class=\"title\">Saison 1 de Passages (\u00c9pisodes 1 \u00e0 11)<\/h5>\n                        <\/a>\n\n\n                                            \n                        <a href=\"https:\/\/amundsenscience.com\/fr\/nouvelles-scientifiques\/saison-2-de-passages-episodes-12-a-26\/\" class=\"teaser-item teaser-item-2\">\n                            <div class=\"parallax-image\">\n                                <img decoding=\"async\" class=\"lazyload\" src=\"https:\/\/amundsenscience.com\/wp-content\/uploads\/2026\/02\/Page-couverture-saison-2-1-aspect-ratio-1975-1289-150x98.png\" data-src=\"https:\/\/amundsenscience.com\/wp-content\/uploads\/2026\/02\/Page-couverture-saison-2-1-aspect-ratio-1975-1289-1024x668.png\" alt=\"Saison 2 de Passages (\u00c9pisodes 12 \u00e0 26)\">\n                            <\/div>\n                                                        <div class=\"meta-data\">\n                                                                    <span class=\"cat-label subtitle\">Nouvelles scientifiques<\/span>\n                                                                <span class=\"date subtitle\">20 f\u00e9vrier 2026<\/span>\n                            <\/div>\n                            <h5 class=\"title\">Saison 2 de Passages (\u00c9pisodes 12 \u00e0 26)<\/h5>\n                        <\/a>\n\n\n                    \n\n\n                                                <\/div>\n\n                                                            <div class=\"loadmore-progress\">\r\n    <span id=\"loadmore-btn\" data-post-type=\"post\" class=\"cta-main\"><span><span data-name=\"Afficher plus\">Afficher plus<\/span><\/span><\/span>\r\n    <svg id=\"loading-animation\" version=\"1.1\" x=\"0px\" y=\"0px\" viewBox=\"0 40 54 20\" enable-background=\"new 0 0 0 0\" xml:space=\"preserve\">\r\n        <circle fill=\"#e31937\" stroke=\"none\" cx=\"6\" cy=\"50\" r=\"6\">\r\n            <animate attributeName=\"opacity\" dur=\"1s\" values=\"0;1;0\" repeatCount=\"indefinite\" begin=\"0.1\" \/>\r\n        <\/circle>\r\n        <circle fill=\"#e31937\" stroke=\"none\" cx=\"26\" cy=\"50\" r=\"6\">\r\n            <animate attributeName=\"opacity\" dur=\"1s\" values=\"0;1;0\" repeatCount=\"indefinite\" begin=\"0.2\" \/>\r\n        <\/circle>\r\n        <circle fill=\"#e31937\" stroke=\"none\" cx=\"46\" cy=\"50\" r=\"6\">\r\n            <animate attributeName=\"opacity\" dur=\"1s\" values=\"0;1;0\" repeatCount=\"indefinite\" begin=\"0.3\" \/>\r\n        <\/circle>\r\n    <\/svg>\r\n<\/div>                                    \n            <\/section>\n\n                        \n\n\n<section class=\"inline-pad block-pad\">\n\n        <span class=\"surtitle-label\">Le brise-glace<\/span>\n\n    <div class=\"section-header\">\n        <div class=\"text-area wysiwyg\"><h2>Explorez le NGCC <em>Amundsen<\/em><\/h2>\n<p>Le navire de la Garde c\u00f4ti\u00e8re canadienne (NGCC) <em>Amundsen<\/em> est un brise-glace canadien \u00e9quip\u00e9 d&rsquo;installations oc\u00e9anographiques de pointe \u00e0 l&rsquo;appui des programmes de recherche multidisciplinaires nationaux et internationaux. Le navire se consacre \u00e0 la science chaque ann\u00e9e et son parc d&rsquo;\u00e9quipement comprend 65 syst\u00e8mes scientifiques et 22 laboratoires embarqu\u00e9s et portables.<\/p>\n<\/div>\n    <\/div>\n\n    <div class=\"boat-content\">\n\n\n        <div class=\"grid\">\n\n            <div class=\"col\">\n                <a href=\"https:\/\/amundsenscience.com\/fr\/explorez-le-brise-glace\/\" class=\"cta-main\"><span><span data-name=\"En savoir plus\">En savoir plus<\/span><\/span><\/a>\n\n                <div class=\"specification\">\n\n                    <div class=\"specification-items\">\n                                                                                    <div class=\"specification-item\">\n                                    <span class=\"name subtitle\">Moyenne des jours de science en mer<\/span>\n                                    <span class=\"description big-text\">105 jours<\/span>\n                                <\/div>\n                                                            <div class=\"specification-item\">\n                                    <span class=\"name subtitle\">Longueur<\/span>\n                                    <span class=\"description big-text\">98.3 m\u00e8tres<\/span>\n                                <\/div>\n                                                            <div class=\"specification-item\">\n                                    <span class=\"name subtitle\">Vitesse maximale<\/span>\n                                    <span class=\"description big-text\">16 noeuds<\/span>\n                                <\/div>\n                                                            <div class=\"specification-item\">\n                                    <span class=\"name subtitle\">Capacit\u00e9<\/span>\n                                    <span class=\"description big-text\">80 membres d\u2019\u00e9quipage et scientifiques<\/span>\n                                <\/div>\n                                                                        <\/div>\n\n                <\/div>\n            <\/div>\n\n            <div class=\"boat\">\n                <div class=\"block-image\">\n                    <img decoding=\"async\" class=\"lazyload\" src=\"https:\/\/amundsenscience.com\/wp-content\/uploads\/2023\/10\/6b78e9a162522795a7cba4905ea22ffe-1-150x58.png\" data-src=\"https:\/\/amundsenscience.com\/wp-content\/uploads\/2023\/10\/6b78e9a162522795a7cba4905ea22ffe-1-1400x537.png\" alt=\"\">\n                <\/div>\n            <\/div>\n\n        <\/div>\n\n    <\/div>\n\n<\/section>","protected":false},"excerpt":{"rendered":"","protected":false},"author":2,"featured_media":1406,"parent":0,"menu_order":6,"comment_status":"closed","ping_status":"closed","template":"","meta":{"_acf_changed":false,"footnotes":""},"class_list":["post-1648","page","type-page","status-publish","has-post-thumbnail","hentry"],"acf":[],"_links":{"self":[{"href":"https:\/\/amundsenscience.com\/fr\/wp-json\/wp\/v2\/pages\/1648","targetHints":{"allow":["GET"]}}],"collection":[{"href":"https:\/\/amundsenscience.com\/fr\/wp-json\/wp\/v2\/pages"}],"about":[{"href":"https:\/\/amundsenscience.com\/fr\/wp-json\/wp\/v2\/types\/page"}],"author":[{"embeddable":true,"href":"https:\/\/amundsenscience.com\/fr\/wp-json\/wp\/v2\/users\/2"}],"replies":[{"embeddable":true,"href":"https:\/\/amundsenscience.com\/fr\/wp-json\/wp\/v2\/comments?post=1648"}],"version-history":[{"count":0,"href":"https:\/\/amundsenscience.com\/fr\/wp-json\/wp\/v2\/pages\/1648\/revisions"}],"wp:featuredmedia":[{"embeddable":true,"href":"https:\/\/amundsenscience.com\/fr\/wp-json\/wp\/v2\/media\/1406"}],"wp:attachment":[{"href":"https:\/\/amundsenscience.com\/fr\/wp-json\/wp\/v2\/media?parent=1648"}],"curies":[{"name":"wp","href":"https:\/\/api.w.org\/{rel}","templated":true}]}}